{"id":5752,"date":"2025-07-21T21:17:42","date_gmt":"2025-07-21T19:17:42","guid":{"rendered":"http:\/\/amsit.pro\/?page_id=5752"},"modified":"2025-10-14T21:07:13","modified_gmt":"2025-10-14T19:07:13","slug":"assistance-technique-support-it","status":"publish","type":"page","link":"https:\/\/amsit.pro\/index.php\/assistance-technique-support-it\/","title":{"rendered":"Assistance technique \u00ab Support IT \u00bb"},"content":{"rendered":"\t\t<div data-elementor-type=\"wp-page\" data-elementor-id=\"5752\" class=\"elementor elementor-5752\">\n\t\t\t\t<div class=\"elementor-element elementor-element-75ac35e e-flex e-con-boxed e-con e-parent\" data-id=\"75ac35e\" data-element_type=\"container\">\n\t\t\t\t\t<div class=\"e-con-inner\">\n\t\t\t\t\t<\/div>\n\t\t\t\t<\/div>\n\t\t<div class=\"elementor-element elementor-element-7552245 e-flex e-con-boxed e-con e-parent\" data-id=\"7552245\" data-element_type=\"container\">\n\t\t\t\t\t<div class=\"e-con-inner\">\n\t\t\t\t<div class=\"elementor-element elementor-element-480ba25 elementor-widget elementor-widget-heading\" data-id=\"480ba25\" data-element_type=\"widget\" data-widget_type=\"heading.default\">\n\t\t\t\t\t<h1 class=\"elementor-heading-title elementor-size-default\">Demande d'assistance<\/h1>\t\t\t\t<\/div>\n\t\t\t\t\t<\/div>\n\t\t\t\t<\/div>\n\t\t<div class=\"elementor-element elementor-element-a0efb6c e-flex e-con-boxed e-con e-parent\" data-id=\"a0efb6c\" data-element_type=\"container\">\n\t\t\t\t\t<div class=\"e-con-inner\">\n\t\t\t\t<div class=\"elementor-element elementor-element-8d79fec elementor-widget elementor-widget-elementskit-contact-form7\" data-id=\"8d79fec\" data-element_type=\"widget\" data-widget_type=\"elementskit-contact-form7.default\">\n\t\t\t\t\t<div class=\"ekit-wid-con\" ><div class=\"ekit-form\">\n<div class=\"wpcf7 no-js\" id=\"wpcf7-f6095-p5752-o1\" lang=\"fr-FR\" dir=\"ltr\" data-wpcf7-id=\"6095\">\n<div class=\"screen-reader-response\"><p role=\"status\" aria-live=\"polite\" aria-atomic=\"true\"><\/p> <ul><\/ul><\/div>\n<form action=\"\/index.php\/assistance-technique-support-it\/#wpcf7-f6095-p5752-o1\" method=\"post\" class=\"wpcf7-form init\" aria-label=\"Formulaire de contact\" novalidate=\"novalidate\" data-status=\"init\">\n<fieldset class=\"hidden-fields-container\"><input type=\"hidden\" name=\"_wpcf7\" value=\"6095\" \/><input type=\"hidden\" name=\"_wpcf7_version\" value=\"6.1\" \/><input type=\"hidden\" name=\"_wpcf7_locale\" value=\"fr_FR\" \/><input type=\"hidden\" name=\"_wpcf7_unit_tag\" value=\"wpcf7-f6095-p5752-o1\" \/><input type=\"hidden\" name=\"_wpcf7_container_post\" value=\"5752\" \/><input type=\"hidden\" name=\"_wpcf7_posted_data_hash\" value=\"\" \/>\n<\/fieldset>\n<p><br \/>\n<label> Nom complet *<br \/>\n<span class=\"wpcf7-form-control-wrap\" data-name=\"your-name\"><input size=\"40\" maxlength=\"400\" class=\"wpcf7-form-control wpcf7-text wpcf7-validates-as-required\" aria-required=\"true\" aria-invalid=\"false\" placeholder=\"Votre nom complet\" value=\"\" type=\"text\" name=\"your-name\" \/><\/span><br \/>\n<\/label>\n<\/p>\n<p><br \/>\n<label> Adresse email *<br \/>\n<span class=\"wpcf7-form-control-wrap\" data-name=\"your-email\"><input size=\"40\" maxlength=\"400\" class=\"wpcf7-form-control wpcf7-email wpcf7-validates-as-required wpcf7-text wpcf7-validates-as-email\" aria-required=\"true\" aria-invalid=\"false\" placeholder=\"exemple@email.com\" value=\"\" type=\"email\" name=\"your-email\" \/><\/span><br \/>\n<\/label>\n<\/p>\n<p><br \/>\n<label> T\u00e9l\u00e9phone<br \/>\n<span class=\"wpcf7-form-control-wrap\" data-name=\"your-phone\"><input size=\"40\" maxlength=\"400\" class=\"wpcf7-form-control wpcf7-tel wpcf7-text wpcf7-validates-as-tel\" aria-invalid=\"false\" placeholder=\"(+216) 00 000 000\" value=\"\" type=\"tel\" name=\"your-phone\" \/><\/span><br \/>\n<\/label>\n<\/p>\n<p><br \/>\n<label> Type de probl\u00e8me *<br \/>\n<span class=\"wpcf7-form-control-wrap\" data-name=\"your-category\"><select class=\"wpcf7-form-control wpcf7-select wpcf7-validates-as-required\" aria-required=\"true\" aria-invalid=\"false\" name=\"your-category\"><option value=\"\">&#8212;Veuillez choisir une option&#8212;<\/option><option value=\"Probl\u00e8me r\u00e9seau\">Probl\u00e8me r\u00e9seau<\/option><option value=\"Panne mat\u00e9riel\">Panne mat\u00e9riel<\/option><option value=\"Probl\u00e8me logiciel\">Probl\u00e8me logiciel<\/option><option value=\"Demande de maintenance\">Demande de maintenance<\/option><option value=\"Autre\">Autre<\/option><\/select><\/span><br \/>\n<\/label>\n<\/p>\n<p><br \/>\n<label> Description du probl\u00e8me *<br \/>\n<span class=\"wpcf7-form-control-wrap\" data-name=\"your-message\"><textarea cols=\"40\" rows=\"10\" maxlength=\"2000\" class=\"wpcf7-form-control wpcf7-textarea wpcf7-validates-as-required\" aria-required=\"true\" aria-invalid=\"false\" placeholder=\"D\u00e9crivez votre probl\u00e8me en d\u00e9tail...\" name=\"your-message\"><\/textarea><\/span><br \/>\n<\/label>\n<\/p>\n<p><br \/>\n<input class=\"wpcf7-form-control wpcf7-submit has-spinner\" type=\"submit\" value=\"Envoyer la demande\" \/>\n<\/p><div class=\"wpcf7-response-output\" aria-hidden=\"true\"><\/div>\n<\/form>\n<\/div>\n<\/div><\/div>\t\t\t\t<\/div>\n\t\t\t\t\t<\/div>\n\t\t\t\t<\/div>\n\t\t<div class=\"elementor-element elementor-element-7cbb237 e-flex e-con-boxed e-con e-parent\" data-id=\"7cbb237\" data-element_type=\"container\">\n\t\t\t\t\t<div class=\"e-con-inner\">\n\t\t\t\t<div class=\"elementor-element elementor-element-85adb4a elementor-widget elementor-widget-spacer\" data-id=\"85adb4a\" data-element_type=\"widget\" data-widget_type=\"spacer.default\">\n\t\t\t\t\t\t\t<div class=\"elementor-spacer\">\n\t\t\t<div class=\"elementor-spacer-inner\"><\/div>\n\t\t<\/div>\n\t\t\t\t\t\t<\/div>\n\t\t\t\t\t<\/div>\n\t\t\t\t<\/div>\n\t\t<div class=\"elementor-element elementor-element-1417354 e-flex e-con-boxed e-con e-parent\" data-id=\"1417354\" data-element_type=\"container\" data-settings=\"{&quot;background_background&quot;:&quot;classic&quot;}\">\n\t\t\t\t\t<div class=\"e-con-inner\">\n\t\t<div class=\"elementor-element elementor-element-21b12f9 e-con-full e-flex elementor-invisible e-con e-child\" data-id=\"21b12f9\" data-element_type=\"container\" data-settings=\"{&quot;animation&quot;:&quot;fadeInLeft&quot;}\">\n\t\t\t\t<div class=\"elementor-element elementor-element-99f6255 elementor-widget elementor-widget-convis-section-title\" data-id=\"99f6255\" data-element_type=\"widget\" data-widget_type=\"convis-section-title.default\">\n\t\t\t\t<div class=\"elementor-widget-container\">\n\t\t\t\t\t\t\t<div class=\"convis-section-title\">\r\n\t\t\t\t\t\t<div class=\"subtitle\">\r\n\t\t\t\t\t\t\t\t<span class=\"line\"><\/span>\r\n\t\t\t\t\t\t\t\t<span class=\"subtitle-text\">\r\n\t\t\t\t\tObtenir des consultations\t\t\t\t<\/span>\r\n\t\t\t<\/div>\r\n\t\t\t\t\t\t\t\t\t<h3 class=\"title\">\r\n\t\t\t\t\t\t\t\t<span class=\"main-text\">\r\n\t\t\t\t\tBesoin d'un \t\t\t\t<\/span>\r\n\t\t\t\t\t\t\t\t<span class=\"split-text\">\r\n\t\t\t\t\tsupport technique\t\t\t\t<\/span>\r\n\t\t\t\t\t\t\t<\/h3>\r\n\t\t\t\t\t<\/div>\r\n\t\t\t\t\t\t<\/div>\n\t\t\t\t<\/div>\n\t\t\t\t<div class=\"elementor-element elementor-element-19a3914 elementor-widget elementor-widget-convis-button\" data-id=\"19a3914\" data-element_type=\"widget\" data-widget_type=\"convis-button.default\">\n\t\t\t\t<div class=\"elementor-widget-container\">\n\t\t\t\t\t\t\t<div class=\"convis-button-wrapper\">\r\n\t\t\t<a class=\"convis-button icon-right hover-left-right\" href=\"https:\/\/amsit.pro\/index.php\/contact\/\">\r\n\t\t\t\t<span class=\"button-text\">\r\n\t\t\t\t\tContactez nous        \t\t<\/span>\r\n\t\t\t\t\t\t\t\t<span class=\"button-icon\">\r\n\t\t\t\t\t<i class=\"fas fa-arrow-right\"><\/i>\t\t\t\t<\/span>\r\n\t\t\t\t\t\t\t<\/a>\r\n\t\t<\/div>\r\n\t\t\t\t\t\t<\/div>\n\t\t\t\t<\/div>\n\t\t\t\t<\/div>\n\t\t<div class=\"elementor-element elementor-element-1bcd693 e-con-full e-flex elementor-invisible e-con e-child\" data-id=\"1bcd693\" data-element_type=\"container\" data-settings=\"{&quot;animation&quot;:&quot;fadeInRight&quot;}\">\n\t\t\t\t<div class=\"elementor-element elementor-element-d8ecdfb elementor-widget elementor-widget-image\" data-id=\"d8ecdfb\" data-element_type=\"widget\" data-widget_type=\"image.default\">\n\t\t\t\t\t\t\t\t\t\t\t\t\t\t\t<img fetchpriority=\"high\" decoding=\"async\" width=\"418\" height=\"411\" src=\"https:\/\/amsit.pro\/wp-content\/uploads\/2025\/08\/cta-video.png\" class=\"attachment-full size-full wp-image-6029\" alt=\"\" srcset=\"https:\/\/amsit.pro\/wp-content\/uploads\/2025\/08\/cta-video.png 418w, https:\/\/amsit.pro\/wp-content\/uploads\/2025\/08\/cta-video-300x295.png 300w\" sizes=\"(max-width: 418px) 100vw, 418px\" \/>\t\t\t\t\t\t\t\t\t\t\t\t\t\t\t<\/div>\n\t\t\t\t<div class=\"elementor-element elementor-element-cee5be1 elementor-absolute elementor-widget elementor-widget-convis-video-popup\" data-id=\"cee5be1\" data-element_type=\"widget\" data-settings=\"{&quot;_position&quot;:&quot;absolute&quot;}\" data-widget_type=\"convis-video-popup.default\">\n\t\t\t\t<div class=\"elementor-widget-container\">\n\t\t\t\t\t        <div class=\"convis-video-popup\">\r\n                            \t\t\t\t<a href=\"https:\/\/www.youtube.com\/watch?v=XHOmBV4js_E\" class=\"popup-video animated-border\"><i class=\"fas fa-play\"><\/i><\/a>\r\n                                    <\/div>\r\n        \t\t\t\t<\/div>\n\t\t\t\t<\/div>\n\t\t\t\t<\/div>\n\t\t\t\t\t<\/div>\n\t\t\t\t<\/div>\n\t\t\t\t<\/div>\n\t\t","protected":false},"excerpt":{"rendered":"<p>Demande d&rsquo;assistance Nom complet * Adresse email * T\u00e9l\u00e9phone Type de probl\u00e8me * &#8212;Veuillez choisir une option&#8212;Probl\u00e8me r\u00e9seauPanne mat\u00e9rielProbl\u00e8me logicielDemande de maintenanceAutre Description du probl\u00e8me * Obtenir des consultations Besoin d&rsquo;un support technique Contactez nous<\/p>\n","protected":false},"author":1,"featured_media":0,"parent":0,"menu_order":1,"comment_status":"closed","ping_status":"closed","template":"","meta":{"footnotes":""},"class_list":["post-5752","page","type-page","status-publish","hentry"],"yoast_head":"<!-- This site is optimized with the Yoast SEO plugin v25.5 - https:\/\/yoast.com\/wordpress\/plugins\/seo\/ -->\n<title>AMS IT Support technique | Assistance IT professionnelle .<\/title>\n<meta name=\"description\" content=\"AMS IT propose un support technique informatique r\u00e9actif et fiable. Notre \u00e9quipe d&#039;experts assure l&#039;assistance IT , la maintenance et le d\u00e9pannage de vos syst\u00e8mes pour garantir la continuit\u00e9 de votre activit\u00e9.\" \/>\n<meta name=\"robots\" content=\"noindex, follow, max-snippet:-1, max-image-preview:large, max-video-preview:-1\" \/>\n<meta property=\"og:locale\" content=\"fr_FR\" \/>\n<meta property=\"og:type\" content=\"article\" \/>\n<meta property=\"og:title\" content=\"AMS IT Support technique | Assistance IT professionnelle .\" \/>\n<meta property=\"og:description\" content=\"AMS IT propose un support technique informatique r\u00e9actif et fiable. Notre \u00e9quipe d&#039;experts assure l&#039;assistance IT , la maintenance et le d\u00e9pannage de vos syst\u00e8mes pour garantir la continuit\u00e9 de votre activit\u00e9.\" \/>\n<meta property=\"og:url\" content=\"https:\/\/amsit.pro\/index.php\/assistance-technique-support-it\/\" \/>\n<meta property=\"og:site_name\" content=\"AMS IT\" \/>\n<meta property=\"article:modified_time\" content=\"2025-10-14T19:07:13+00:00\" \/>\n<meta property=\"og:image\" content=\"http:\/\/amsit.pro\/wp-content\/uploads\/2025\/08\/cta-video.png\" \/>\n<meta name=\"twitter:card\" content=\"summary_large_image\" \/>\n<meta name=\"twitter:label1\" content=\"Dur\u00e9e de lecture estim\u00e9e\" \/>\n\t<meta name=\"twitter:data1\" content=\"1 minute\" \/>\n<script type=\"application\/ld+json\" class=\"yoast-schema-graph\">{\"@context\":\"https:\/\/schema.org\",\"@graph\":[{\"@type\":\"WebPage\",\"@id\":\"https:\/\/amsit.pro\/index.php\/assistance-technique-support-it\/\",\"url\":\"https:\/\/amsit.pro\/index.php\/assistance-technique-support-it\/\",\"name\":\"AMS IT Support technique | Assistance IT professionnelle .\",\"isPartOf\":{\"@id\":\"https:\/\/amsit.pro\/#website\"},\"primaryImageOfPage\":{\"@id\":\"https:\/\/amsit.pro\/index.php\/assistance-technique-support-it\/#primaryimage\"},\"image\":{\"@id\":\"https:\/\/amsit.pro\/index.php\/assistance-technique-support-it\/#primaryimage\"},\"thumbnailUrl\":\"http:\/\/amsit.pro\/wp-content\/uploads\/2025\/08\/cta-video.png\",\"datePublished\":\"2025-07-21T19:17:42+00:00\",\"dateModified\":\"2025-10-14T19:07:13+00:00\",\"description\":\"AMS IT propose un support technique informatique r\u00e9actif et fiable. Notre \u00e9quipe d'experts assure l'assistance IT , la maintenance et le d\u00e9pannage de vos syst\u00e8mes pour garantir la continuit\u00e9 de votre activit\u00e9.\",\"breadcrumb\":{\"@id\":\"https:\/\/amsit.pro\/index.php\/assistance-technique-support-it\/#breadcrumb\"},\"inLanguage\":\"fr-FR\",\"potentialAction\":[{\"@type\":\"ReadAction\",\"target\":[\"https:\/\/amsit.pro\/index.php\/assistance-technique-support-it\/\"]}]},{\"@type\":\"ImageObject\",\"inLanguage\":\"fr-FR\",\"@id\":\"https:\/\/amsit.pro\/index.php\/assistance-technique-support-it\/#primaryimage\",\"url\":\"http:\/\/amsit.pro\/wp-content\/uploads\/2025\/08\/cta-video.png\",\"contentUrl\":\"http:\/\/amsit.pro\/wp-content\/uploads\/2025\/08\/cta-video.png\"},{\"@type\":\"BreadcrumbList\",\"@id\":\"https:\/\/amsit.pro\/index.php\/assistance-technique-support-it\/#breadcrumb\",\"itemListElement\":[{\"@type\":\"ListItem\",\"position\":1,\"name\":\"Accueil\",\"item\":\"https:\/\/amsit.pro\/\"},{\"@type\":\"ListItem\",\"position\":2,\"name\":\"Assistance technique \u00ab Support IT \u00bb\"}]},{\"@type\":\"WebSite\",\"@id\":\"https:\/\/amsit.pro\/#website\",\"url\":\"https:\/\/amsit.pro\/\",\"name\":\"AMS IT\",\"description\":\"\",\"potentialAction\":[{\"@type\":\"SearchAction\",\"target\":{\"@type\":\"EntryPoint\",\"urlTemplate\":\"https:\/\/amsit.pro\/?s={search_term_string}\"},\"query-input\":{\"@type\":\"PropertyValueSpecification\",\"valueRequired\":true,\"valueName\":\"search_term_string\"}}],\"inLanguage\":\"fr-FR\"}]}<\/script>\n<!-- \/ Yoast SEO plugin. -->","yoast_head_json":{"title":"AMS IT Support technique | Assistance IT professionnelle .","description":"AMS IT propose un support technique informatique r\u00e9actif et fiable. Notre \u00e9quipe d'experts assure l'assistance IT , la maintenance et le d\u00e9pannage de vos syst\u00e8mes pour garantir la continuit\u00e9 de votre activit\u00e9.","robots":{"index":"noindex","follow":"follow","max-snippet":"max-snippet:-1","max-image-preview":"max-image-preview:large","max-video-preview":"max-video-preview:-1"},"og_locale":"fr_FR","og_type":"article","og_title":"AMS IT Support technique | Assistance IT professionnelle .","og_description":"AMS IT propose un support technique informatique r\u00e9actif et fiable. Notre \u00e9quipe d'experts assure l'assistance IT , la maintenance et le d\u00e9pannage de vos syst\u00e8mes pour garantir la continuit\u00e9 de votre activit\u00e9.","og_url":"https:\/\/amsit.pro\/index.php\/assistance-technique-support-it\/","og_site_name":"AMS IT","article_modified_time":"2025-10-14T19:07:13+00:00","og_image":[{"url":"http:\/\/amsit.pro\/wp-content\/uploads\/2025\/08\/cta-video.png","type":"","width":"","height":""}],"twitter_card":"summary_large_image","twitter_misc":{"Dur\u00e9e de lecture estim\u00e9e":"1 minute"},"schema":{"@context":"https:\/\/schema.org","@graph":[{"@type":"WebPage","@id":"https:\/\/amsit.pro\/index.php\/assistance-technique-support-it\/","url":"https:\/\/amsit.pro\/index.php\/assistance-technique-support-it\/","name":"AMS IT Support technique | Assistance IT professionnelle .","isPartOf":{"@id":"https:\/\/amsit.pro\/#website"},"primaryImageOfPage":{"@id":"https:\/\/amsit.pro\/index.php\/assistance-technique-support-it\/#primaryimage"},"image":{"@id":"https:\/\/amsit.pro\/index.php\/assistance-technique-support-it\/#primaryimage"},"thumbnailUrl":"http:\/\/amsit.pro\/wp-content\/uploads\/2025\/08\/cta-video.png","datePublished":"2025-07-21T19:17:42+00:00","dateModified":"2025-10-14T19:07:13+00:00","description":"AMS IT propose un support technique informatique r\u00e9actif et fiable. Notre \u00e9quipe d'experts assure l'assistance IT , la maintenance et le d\u00e9pannage de vos syst\u00e8mes pour garantir la continuit\u00e9 de votre activit\u00e9.","breadcrumb":{"@id":"https:\/\/amsit.pro\/index.php\/assistance-technique-support-it\/#breadcrumb"},"inLanguage":"fr-FR","potentialAction":[{"@type":"ReadAction","target":["https:\/\/amsit.pro\/index.php\/assistance-technique-support-it\/"]}]},{"@type":"ImageObject","inLanguage":"fr-FR","@id":"https:\/\/amsit.pro\/index.php\/assistance-technique-support-it\/#primaryimage","url":"http:\/\/amsit.pro\/wp-content\/uploads\/2025\/08\/cta-video.png","contentUrl":"http:\/\/amsit.pro\/wp-content\/uploads\/2025\/08\/cta-video.png"},{"@type":"BreadcrumbList","@id":"https:\/\/amsit.pro\/index.php\/assistance-technique-support-it\/#breadcrumb","itemListElement":[{"@type":"ListItem","position":1,"name":"Accueil","item":"https:\/\/amsit.pro\/"},{"@type":"ListItem","position":2,"name":"Assistance technique \u00ab Support IT \u00bb"}]},{"@type":"WebSite","@id":"https:\/\/amsit.pro\/#website","url":"https:\/\/amsit.pro\/","name":"AMS IT","description":"","potentialAction":[{"@type":"SearchAction","target":{"@type":"EntryPoint","urlTemplate":"https:\/\/amsit.pro\/?s={search_term_string}"},"query-input":{"@type":"PropertyValueSpecification","valueRequired":true,"valueName":"search_term_string"}}],"inLanguage":"fr-FR"}]}},"_links":{"self":[{"href":"https:\/\/amsit.pro\/index.php\/wp-json\/wp\/v2\/pages\/5752","targetHints":{"allow":["GET"]}}],"collection":[{"href":"https:\/\/amsit.pro\/index.php\/wp-json\/wp\/v2\/pages"}],"about":[{"href":"https:\/\/amsit.pro\/index.php\/wp-json\/wp\/v2\/types\/page"}],"author":[{"embeddable":true,"href":"https:\/\/amsit.pro\/index.php\/wp-json\/wp\/v2\/users\/1"}],"replies":[{"embeddable":true,"href":"https:\/\/amsit.pro\/index.php\/wp-json\/wp\/v2\/comments?post=5752"}],"version-history":[{"count":22,"href":"https:\/\/amsit.pro\/index.php\/wp-json\/wp\/v2\/pages\/5752\/revisions"}],"predecessor-version":[{"id":6218,"href":"https:\/\/amsit.pro\/index.php\/wp-json\/wp\/v2\/pages\/5752\/revisions\/6218"}],"wp:attachment":[{"href":"https:\/\/amsit.pro\/index.php\/wp-json\/wp\/v2\/media?parent=5752"}],"curies":[{"name":"wp","href":"https:\/\/api.w.org\/{rel}","templated":true}]}}