{"id":5772,"date":"2025-07-21T21:27:11","date_gmt":"2025-07-21T19:27:11","guid":{"rendered":"http:\/\/amsit.pro\/?page_id=5772"},"modified":"2025-12-10T18:16:13","modified_gmt":"2025-12-10T16:16:13","slug":"design-graphique-ui-ux","status":"publish","type":"page","link":"https:\/\/amsit.pro\/index.php\/design-graphique-ui-ux\/","title":{"rendered":"Design Graphique \/ UI\/UX"},"content":{"rendered":"\t\t<div data-elementor-type=\"wp-page\" data-elementor-id=\"5772\" class=\"elementor elementor-5772\">\n\t\t\t\t<div class=\"elementor-element elementor-element-81d796a e-flex e-con-boxed e-con e-parent\" data-id=\"81d796a\" data-element_type=\"container\">\n\t\t\t\t\t<div class=\"e-con-inner\">\n\t\t<div class=\"elementor-element elementor-element-47bbad8 e-con-full e-flex elementor-invisible e-con e-child\" data-id=\"47bbad8\" data-element_type=\"container\" data-settings=\"{&quot;animation&quot;:&quot;fadeInLeft&quot;}\">\n\t\t\t\t<div class=\"elementor-element elementor-element-ea90d05 elementor-widget elementor-widget-image\" data-id=\"ea90d05\" data-element_type=\"widget\" data-widget_type=\"image.default\">\n\t\t\t\t\t\t\t\t\t\t\t\t\t\t\t<img fetchpriority=\"high\" decoding=\"async\" width=\"520\" height=\"645\" src=\"https:\/\/amsit.pro\/wp-content\/uploads\/2025\/12\/faq-image-1.webp\" class=\"attachment-full size-full wp-image-6412\" alt=\"\" srcset=\"https:\/\/amsit.pro\/wp-content\/uploads\/2025\/12\/faq-image-1.webp 520w, https:\/\/amsit.pro\/wp-content\/uploads\/2025\/12\/faq-image-1-242x300.webp 242w\" sizes=\"(max-width: 520px) 100vw, 520px\" \/>\t\t\t\t\t\t\t\t\t\t\t\t\t\t\t<\/div>\n\t\t\t\t<div class=\"elementor-element elementor-element-012df9b elementor-absolute elementor-widget elementor-widget-convis-iconic-info-box\" data-id=\"012df9b\" data-element_type=\"widget\" data-settings=\"{&quot;_position&quot;:&quot;absolute&quot;}\" data-widget_type=\"convis-iconic-info-box.default\">\n\t\t\t\t<div class=\"elementor-widget-container\">\n\t\t\t\t\t        <div class=\"convis-iconic-info-box text-left icon-left\">\r\n                    <div class=\"box-icon\">\r\n            \t\t\t\t<i class=\"flaticon flaticon-statistics-1\"><\/i>            \t\t\t        <\/div>\r\n                    <div class=\"box-content\">\r\n                                    <h5 class=\"box-title\">\r\n                        <span class=\"title-text\">Croissance du marketing<\/span>                    <\/h5>\r\n\t\t\t\t\t                                <p class=\"description\">Meilleur conseil en affaires<\/p>            <\/div>\r\n                                <\/div>\r\n        \t\t\t\t<\/div>\n\t\t\t\t<\/div>\n\t\t\t\t<\/div>\n\t\t<div class=\"elementor-element elementor-element-8a34bc9 e-con-full e-flex elementor-invisible e-con e-child\" data-id=\"8a34bc9\" data-element_type=\"container\" data-settings=\"{&quot;animation&quot;:&quot;fadeInRight&quot;}\">\n\t\t\t\t<div class=\"elementor-element elementor-element-6649ed8 elementor-widget elementor-widget-convis-section-title\" data-id=\"6649ed8\" data-element_type=\"widget\" data-widget_type=\"convis-section-title.default\">\n\t\t\t\t<div class=\"elementor-widget-container\">\n\t\t\t\t\t\t\t<div class=\"convis-section-title\">\r\n\t\t\t\t\t\t<div class=\"subtitle\">\r\n\t\t\t\t\t\t\t\t<span class=\"line\"><\/span>\r\n\t\t\t\t\t\t\t\t<span class=\"subtitle-text\">\r\n\t\t\t\t\tAMS IT Pro\t\t\t\t<\/span>\r\n\t\t\t<\/div>\r\n\t\t\t\t\t\t\t\t\t<h3 class=\"title\">\r\n\t\t\t\t\t\t\t\t<span class=\"main-text\">\r\n\t\t\t\t\tDesign Graphique <br>\t\t\t\t<\/span>\r\n\t\t\t\t\t\t\t\t<span class=\"split-text\">\r\n\t\t\t\t\tSur Mesure\t\t\t\t<\/span>\r\n\t\t\t\t\t\t\t<\/h3>\r\n\t\t\t\t\t<\/div>\r\n\t\t\t\t\t\t<\/div>\n\t\t\t\t<\/div>\n\t\t\t\t<div class=\"elementor-element elementor-element-a8d1188 elementor-widget elementor-widget-text-editor\" data-id=\"a8d1188\" data-element_type=\"widget\" data-widget_type=\"text-editor.default\">\n\t\t\t\t\t\t\t\t\t<p><strong>Mettez en valeur votre image avec un design qui vous ressemble.<\/strong><\/p><p>Chez AMS IT, nous cr\u00e9ons des designs graphiques uniques et professionnels, pens\u00e9s pour refl\u00e9ter votre identit\u00e9 visuelle et captiver votre audience. Que ce soit pour le web ou pour l\u2019impression, notre objectif est simple : valoriser votre marque et la rendre m\u00e9morable.<\/p>\t\t\t\t\t\t\t\t<\/div>\n\t\t<div class=\"elementor-element elementor-element-c079d41 e-con-full e-flex e-con e-child\" data-id=\"c079d41\" data-element_type=\"container\">\n\t\t\t\t<div class=\"elementor-element elementor-element-a839c78 elementor-widget elementor-widget-convis-iconic-box\" data-id=\"a839c78\" data-element_type=\"widget\" data-widget_type=\"convis-iconic-box.default\">\n\t\t\t\t<div class=\"elementor-widget-container\">\n\t\t\t\t\t\t\t<div class=\"convis-iconic-box\">\r\n\t\t\t\t\t\t<div class=\"icon\">\r\n\t\t\t\t<i class=\"flaticon flaticon-innovation-1\"><\/i>\t\t\t<\/div>\r\n\t\t\t\t\t\t<h6 class=\"title\">Conseil moderne <br>\navanc\u00e9<\/h6>\t\t<\/div>\r\n\t\t\t\t\t\t<\/div>\n\t\t\t\t<\/div>\n\t\t\t\t<div class=\"elementor-element elementor-element-81b383d elementor-widget elementor-widget-convis-iconic-box\" data-id=\"81b383d\" data-element_type=\"widget\" data-widget_type=\"convis-iconic-box.default\">\n\t\t\t\t<div class=\"elementor-widget-container\">\n\t\t\t\t\t\t\t<div class=\"convis-iconic-box\">\r\n\t\t\t\t\t\t<div class=\"icon\">\r\n\t\t\t\t<i class=\"flaticon flaticon-support\"><\/i>\t\t\t<\/div>\r\n\t\t\t\t\t\t<h6 class=\"title\">Membres de<br>\nl'\u00e9quipe d\u00e9vou\u00e9s<\/h6>\t\t<\/div>\r\n\t\t\t\t\t\t<\/div>\n\t\t\t\t<\/div>\n\t\t\t\t<div class=\"elementor-element elementor-element-2525161 elementor-widget elementor-widget-convis-iconic-box\" data-id=\"2525161\" data-element_type=\"widget\" data-widget_type=\"convis-iconic-box.default\">\n\t\t\t\t<div class=\"elementor-widget-container\">\n\t\t\t\t\t\t\t<div class=\"convis-iconic-box\">\r\n\t\t\t\t\t\t<div class=\"icon\">\r\n\t\t\t\t<i class=\"flaticon flaticon-review\"><\/i>\t\t\t<\/div>\r\n\t\t\t\t\t\t<h6 class=\"title\">Conseils avanc\u00e9s<br>\nen informatique<\/h6>\t\t<\/div>\r\n\t\t\t\t\t\t<\/div>\n\t\t\t\t<\/div>\n\t\t\t\t<\/div>\n\t\t\t\t<\/div>\n\t\t\t\t\t<\/div>\n\t\t\t\t<\/div>\n\t\t<div class=\"elementor-element elementor-element-62a8779 e-flex e-con-boxed e-con e-parent\" data-id=\"62a8779\" data-element_type=\"container\">\n\t\t\t\t\t<div class=\"e-con-inner\">\n\t\t\t\t<div class=\"elementor-element elementor-element-3d0025e elementor-widget elementor-widget-spacer\" data-id=\"3d0025e\" data-element_type=\"widget\" data-widget_type=\"spacer.default\">\n\t\t\t\t\t\t\t<div class=\"elementor-spacer\">\n\t\t\t<div class=\"elementor-spacer-inner\"><\/div>\n\t\t<\/div>\n\t\t\t\t\t\t<\/div>\n\t\t\t\t\t<\/div>\n\t\t\t\t<\/div>\n\t\t<div class=\"elementor-element elementor-element-c600cdb e-con-full e-flex e-con e-parent\" data-id=\"c600cdb\" data-element_type=\"container\" data-settings=\"{&quot;background_background&quot;:&quot;classic&quot;}\">\n\t\t\t\t<div class=\"elementor-element elementor-element-dd7ca9f elementor-invisible elementor-widget elementor-widget-convis-section-title\" data-id=\"dd7ca9f\" data-element_type=\"widget\" data-settings=\"{&quot;_animation&quot;:&quot;fadeInUp&quot;}\" data-widget_type=\"convis-section-title.default\">\n\t\t\t\t<div class=\"elementor-widget-container\">\n\t\t\t\t\t\t\t<div class=\"convis-section-title\">\r\n\t\t\t\t\t\t<div class=\"subtitle\">\r\n\t\t\t\t\t\t\t\t<span class=\"line\"><\/span>\r\n\t\t\t\t\t\t\t\t<span class=\"subtitle-text\">\r\n\t\t\t\t\tAMS IT \t\t\t\t<\/span>\r\n\t\t\t<\/div>\r\n\t\t\t\t\t\t\t\t\t<h3 class=\"title\">\r\n\t\t\t\t\t\t\t\t<span class=\"main-text\">\r\n\t\t\t\t\tNos services\t\t\t\t<\/span>\r\n\t\t\t\t\t\t\t\t<span class=\"split-text\">\r\n\t\t\t\t\t en design graphique \t\t\t\t<\/span>\r\n\t\t\t\t\t\t\t<\/h3>\r\n\t\t\t\t\t<\/div>\r\n\t\t\t\t\t\t<\/div>\n\t\t\t\t<\/div>\n\t\t<div class=\"elementor-element elementor-element-7ee8fec e-flex e-con-boxed elementor-invisible e-con e-child\" data-id=\"7ee8fec\" data-element_type=\"container\" data-settings=\"{&quot;animation&quot;:&quot;fadeInUp&quot;}\">\n\t\t\t\t\t<div class=\"e-con-inner\">\n\t\t<div class=\"elementor-element elementor-element-5baa87f e-con-full e-flex e-con e-child\" data-id=\"5baa87f\" data-element_type=\"container\">\n\t\t\t\t<div class=\"elementor-element elementor-element-002c8e4 elementor-widget__width-initial elementor-widget elementor-widget-convis-step-flow\" data-id=\"002c8e4\" data-element_type=\"widget\" data-widget_type=\"convis-step-flow.default\">\n\t\t\t\t<div class=\"elementor-widget-container\">\n\t\t\t\t\t\t\t<div class=\"convis-step-flow design-one\">\r\n\t\t\t\t\t\t<div class=\"icon\">\r\n\t\t\t\t<i class=\"flaticon flaticon-product-research\"><\/i><span class=\"badge\">01<\/span>\t\t\t<\/div>\r\n\t\t\t\t\t\t<h5 class=\"title\">Identit\u00e9 visuelle<\/h5><p class=\"description\">Logo, palette de couleurs, typographie\u2026 tout ce qu\u2019il faut pour cr\u00e9er une image coh\u00e9rente et percutante.<\/p>\t\t<\/div>\r\n\t\t\t\t\t\t<\/div>\n\t\t\t\t<\/div>\n\t\t\t\t<div class=\"elementor-element elementor-element-da950f0 elementor-widget__width-initial elementor-widget elementor-widget-convis-step-flow\" data-id=\"da950f0\" data-element_type=\"widget\" data-widget_type=\"convis-step-flow.default\">\n\t\t\t\t<div class=\"elementor-widget-container\">\n\t\t\t\t\t\t\t<div class=\"convis-step-flow design-one\">\r\n\t\t\t\t\t\t<div class=\"icon\">\r\n\t\t\t\t<i class=\"flaticon flaticon-planning-2\"><\/i><span class=\"badge\">02<\/span>\t\t\t<\/div>\r\n\t\t\t\t\t\t<h5 class=\"title\">Cr\u00e9ation de supports de communication<\/h5><p class=\"description\">Cartes de visite, flyers, brochures, affiches, kak\u00e9monos \u2013 pour une communication claire et impactante.<\/p>\t\t<\/div>\r\n\t\t\t\t\t\t<\/div>\n\t\t\t\t<\/div>\n\t\t\t\t<div class=\"elementor-element elementor-element-30328bd elementor-widget__width-initial elementor-widget elementor-widget-convis-step-flow\" data-id=\"30328bd\" data-element_type=\"widget\" data-widget_type=\"convis-step-flow.default\">\n\t\t\t\t<div class=\"elementor-widget-container\">\n\t\t\t\t\t\t\t<div class=\"convis-step-flow design-one\">\r\n\t\t\t\t\t\t<div class=\"icon\">\r\n\t\t\t\t<i class=\"flaticon flaticon-business-intelligence\"><\/i><span class=\"badge\">03<\/span>\t\t\t<\/div>\r\n\t\t\t\t\t\t<h5 class=\"title\">Design web &amp; r\u00e9seaux sociaux<\/h5><p class=\"description\">Banni\u00e8res, visuels, templates pour Instagram, Facebook, LinkedIn\u2026 pour renforcer votre pr\u00e9sence en ligne.<\/p>\t\t<\/div>\r\n\t\t\t\t\t\t<\/div>\n\t\t\t\t<\/div>\n\t\t\t\t<div class=\"elementor-element elementor-element-cd1bce4 elementor-widget__width-initial elementor-widget elementor-widget-convis-step-flow\" data-id=\"cd1bce4\" data-element_type=\"widget\" data-widget_type=\"convis-step-flow.default\">\n\t\t\t\t<div class=\"elementor-widget-container\">\n\t\t\t\t\t\t\t<div class=\"convis-step-flow design-one\">\r\n\t\t\t\t\t\t<div class=\"icon\">\r\n\t\t\t\t<i class=\"flaticon flaticon-mission\"><\/i><span class=\"badge\">04<\/span>\t\t\t<\/div>\r\n\t\t\t\t\t\t<h5 class=\"title\">Maquettes UI\/UX<\/h5><p class=\"description\">Conception d\u2019interfaces ergonomiques et modernes pour vos applications ou sites web.<\/p>\t\t<\/div>\r\n\t\t\t\t\t\t<\/div>\n\t\t\t\t<\/div>\n\t\t\t\t<\/div>\n\t\t\t\t\t<\/div>\n\t\t\t\t<\/div>\n\t\t\t\t<\/div>\n\t\t<div class=\"elementor-element elementor-element-4555812 e-flex e-con-boxed e-con e-parent\" data-id=\"4555812\" data-element_type=\"container\">\n\t\t\t\t\t<div class=\"e-con-inner\">\n\t\t\t\t\t<\/div>\n\t\t\t\t<\/div>\n\t\t<div class=\"elementor-element elementor-element-a245da7 e-flex e-con-boxed e-con e-parent\" data-id=\"a245da7\" data-element_type=\"container\">\n\t\t\t\t\t<div class=\"e-con-inner\">\n\t\t\t\t<div class=\"elementor-element elementor-element-334850c elementor-widget elementor-widget-heading\" data-id=\"334850c\" data-element_type=\"widget\" data-widget_type=\"heading.default\">\n\t\t\t\t\t<h2 class=\"elementor-heading-title elementor-size-default\">Pourquoi choisir AMS IT ?<\/h2>\t\t\t\t<\/div>\n\t\t\t\t\t<\/div>\n\t\t\t\t<\/div>\n\t\t<div class=\"elementor-element elementor-element-d20fbe4 e-flex e-con-boxed e-con e-parent\" data-id=\"d20fbe4\" data-element_type=\"container\">\n\t\t\t\t\t<div class=\"e-con-inner\">\n\t\t\t\t\t<\/div>\n\t\t\t\t<\/div>\n\t\t<div class=\"elementor-element elementor-element-45526a9 e-flex e-con-boxed e-con e-child\" data-id=\"45526a9\" data-element_type=\"container\" data-settings=\"{&quot;background_background&quot;:&quot;classic&quot;}\">\n\t\t\t\t\t<div class=\"e-con-inner\">\n\t\t\t\t<div class=\"elementor-element elementor-element-f47a838 elementor-widget elementor-widget-heading\" data-id=\"f47a838\" data-element_type=\"widget\" data-widget_type=\"heading.default\">\n\t\t\t\t\t<h5 class=\"elementor-heading-title elementor-size-default\">Une approche personnalis\u00e9e<\/h5>\t\t\t\t<\/div>\n\t\t\t\t<div class=\"elementor-element elementor-element-e5accea elementor-widget elementor-widget-text-editor\" data-id=\"e5accea\" data-element_type=\"widget\" data-widget_type=\"text-editor.default\">\n\t\t\t\t\t\t\t\t\tConception d\u2019interfaces ergonomiques et modernes pour vos applications ou sites web.\n\nChaque projet est unique. <br>C\u2019est pourquoi nous prenons le temps de comprendre vos besoins, <br>vos valeurs et vos objectifs afin de concevoir des visuels qui vous correspondent parfaitement.\n<ul>\n \t<li style=\"list-style-type: none;\">\n<ul>\n \t<li style=\"list-style-type: none;\">\n<ul>\n \t<li>Cr\u00e9ations 100 % sur mesure<\/li>\n \t<li>Respect de votre charte graphique<\/li>\n \t<li>R\u00e9activit\u00e9 et accompagnement personnalis\u00e9<\/li>\n \t<li>Fichiers livr\u00e9s pr\u00eats \u00e0 l\u2019emploi (PDF, PNG, etc.)<\/li>\n<\/ul>\n<\/li>\n<\/ul>\n<\/li>\n<\/ul>\t\t\t\t\t\t\t\t<\/div>\n\t\t\t\t\t<\/div>\n\t\t\t\t<\/div>\n\t\t<div class=\"elementor-element elementor-element-e029efa e-flex e-con-boxed e-con e-parent\" data-id=\"e029efa\" data-element_type=\"container\" data-settings=\"{&quot;background_background&quot;:&quot;classic&quot;}\">\n\t\t\t\t\t<div class=\"e-con-inner\">\n\t\t<div class=\"elementor-element elementor-element-154e87b e-con-full e-flex elementor-invisible e-con e-child\" data-id=\"154e87b\" data-element_type=\"container\" data-settings=\"{&quot;animation&quot;:&quot;fadeInLeft&quot;}\">\n\t\t\t\t<div class=\"elementor-element elementor-element-8c49eaf elementor-widget elementor-widget-convis-section-title\" data-id=\"8c49eaf\" data-element_type=\"widget\" data-widget_type=\"convis-section-title.default\">\n\t\t\t\t<div class=\"elementor-widget-container\">\n\t\t\t\t\t\t\t<div class=\"convis-section-title\">\r\n\t\t\t\t\t\t<div class=\"subtitle\">\r\n\t\t\t\t\t\t\t\t<span class=\"line\"><\/span>\r\n\t\t\t\t\t\t\t\t<span class=\"subtitle-text\">\r\n\t\t\t\t\tObtenir des consultations\t\t\t\t<\/span>\r\n\t\t\t<\/div>\r\n\t\t\t\t\t\t\t\t\t<h3 class=\"title\">\r\n\t\t\t\t\t\t\t\t<span class=\"main-text\">\r\n\t\t\t\t\tBesoin de consultations pour\t\t\t\t<\/span>\r\n\t\t\t\t\t\t\t\t<span class=\"split-text\">\r\n\t\t\t\t\tConseil informatique\t\t\t\t<\/span>\r\n\t\t\t\t\t\t\t<\/h3>\r\n\t\t\t\t\t<\/div>\r\n\t\t\t\t\t\t<\/div>\n\t\t\t\t<\/div>\n\t\t\t\t<div class=\"elementor-element elementor-element-636559f elementor-widget elementor-widget-convis-button\" data-id=\"636559f\" data-element_type=\"widget\" data-widget_type=\"convis-button.default\">\n\t\t\t\t<div class=\"elementor-widget-container\">\n\t\t\t\t\t\t\t<div class=\"convis-button-wrapper\">\r\n\t\t\t<a class=\"convis-button icon-right hover-left-right\" href=\"https:\/\/amsit.pro\/index.php\/contact\/\">\r\n\t\t\t\t<span class=\"button-text\">\r\n\t\t\t\t\tContactez nous        \t\t<\/span>\r\n\t\t\t\t\t\t\t\t<span class=\"button-icon\">\r\n\t\t\t\t\t<i class=\"fas fa-arrow-right\"><\/i>\t\t\t\t<\/span>\r\n\t\t\t\t\t\t\t<\/a>\r\n\t\t<\/div>\r\n\t\t\t\t\t\t<\/div>\n\t\t\t\t<\/div>\n\t\t\t\t<\/div>\n\t\t<div class=\"elementor-element elementor-element-13bc8df e-con-full e-flex elementor-invisible e-con e-child\" data-id=\"13bc8df\" data-element_type=\"container\" data-settings=\"{&quot;animation&quot;:&quot;fadeInRight&quot;}\">\n\t\t\t\t<div class=\"elementor-element elementor-element-90eed5c elementor-widget elementor-widget-image\" data-id=\"90eed5c\" data-element_type=\"widget\" data-widget_type=\"image.default\">\n\t\t\t\t\t\t\t\t\t\t\t\t\t\t\t<img decoding=\"async\" width=\"418\" height=\"411\" src=\"https:\/\/amsit.pro\/wp-content\/uploads\/2025\/08\/cta-video.png\" class=\"attachment-full size-full wp-image-6029\" alt=\"\" srcset=\"https:\/\/amsit.pro\/wp-content\/uploads\/2025\/08\/cta-video.png 418w, https:\/\/amsit.pro\/wp-content\/uploads\/2025\/08\/cta-video-300x295.png 300w\" sizes=\"(max-width: 418px) 100vw, 418px\" \/>\t\t\t\t\t\t\t\t\t\t\t\t\t\t\t<\/div>\n\t\t\t\t<div class=\"elementor-element elementor-element-e0111ec elementor-absolute elementor-widget elementor-widget-convis-video-popup\" data-id=\"e0111ec\" data-element_type=\"widget\" data-settings=\"{&quot;_position&quot;:&quot;absolute&quot;}\" data-widget_type=\"convis-video-popup.default\">\n\t\t\t\t<div class=\"elementor-widget-container\">\n\t\t\t\t\t        <div class=\"convis-video-popup\">\r\n                            \t\t\t\t<a href=\"https:\/\/www.youtube.com\/watch?v=XHOmBV4js_E\" class=\"popup-video animated-border\"><i class=\"fas fa-play\"><\/i><\/a>\r\n                                    <\/div>\r\n        \t\t\t\t<\/div>\n\t\t\t\t<\/div>\n\t\t\t\t<\/div>\n\t\t\t\t\t<\/div>\n\t\t\t\t<\/div>\n\t\t\t\t<\/div>\n\t\t","protected":false},"excerpt":{"rendered":"<p>Croissance du marketing Meilleur conseil en affaires AMS IT Pro Design Graphique Sur Mesure Mettez en valeur votre image avec un design qui vous ressemble. Chez AMS IT, nous cr\u00e9ons des designs graphiques uniques et professionnels, pens\u00e9s pour refl\u00e9ter votre identit\u00e9 visuelle et captiver votre audience. Que ce soit pour le web ou pour l\u2019impression, [&hellip;]<\/p>\n","protected":false},"author":1,"featured_media":0,"parent":0,"menu_order":8,"comment_status":"closed","ping_status":"closed","template":"","meta":{"footnotes":""},"class_list":["post-5772","page","type-page","status-publish","hentry"],"yoast_head":"<!-- This site is optimized with the Yoast SEO plugin v25.5 - https:\/\/yoast.com\/wordpress\/plugins\/seo\/ -->\n<title>Design graphique | AMS IT-Cr\u00e9ation visuelle &amp; identit\u00e9 de marque<\/title>\n<meta name=\"description\" content=\"Donnez vie \u00e0 votre image de marque avec AMS IT. Notre services de design graphique cr\u00e9e des logos ,cartes graphiques et visuels uniques .\" \/>\n<meta name=\"robots\" content=\"noindex, follow, max-snippet:-1, max-image-preview:large, max-video-preview:-1\" \/>\n<meta property=\"og:locale\" content=\"fr_FR\" \/>\n<meta property=\"og:type\" content=\"article\" \/>\n<meta property=\"og:title\" content=\"Design graphique | AMS IT-Cr\u00e9ation visuelle &amp; identit\u00e9 de marque\" \/>\n<meta property=\"og:description\" content=\"Donnez vie \u00e0 votre image de marque avec AMS IT. Notre services de design graphique cr\u00e9e des logos ,cartes graphiques et visuels uniques .\" \/>\n<meta property=\"og:url\" content=\"https:\/\/amsit.pro\/index.php\/design-graphique-ui-ux\/\" \/>\n<meta property=\"og:site_name\" content=\"AMS IT\" \/>\n<meta property=\"article:modified_time\" content=\"2025-12-10T16:16:13+00:00\" \/>\n<meta property=\"og:image\" content=\"https:\/\/amsit.pro\/wp-content\/uploads\/2025\/12\/faq-image-1.webp\" \/>\n\t<meta property=\"og:image:width\" content=\"520\" \/>\n\t<meta property=\"og:image:height\" content=\"645\" \/>\n\t<meta property=\"og:image:type\" content=\"image\/webp\" \/>\n<meta name=\"twitter:card\" content=\"summary_large_image\" \/>\n<meta name=\"twitter:label1\" content=\"Dur\u00e9e de lecture estim\u00e9e\" \/>\n\t<meta name=\"twitter:data1\" content=\"1 minute\" \/>\n<script type=\"application\/ld+json\" class=\"yoast-schema-graph\">{\"@context\":\"https:\/\/schema.org\",\"@graph\":[{\"@type\":\"WebPage\",\"@id\":\"https:\/\/amsit.pro\/index.php\/design-graphique-ui-ux\/\",\"url\":\"https:\/\/amsit.pro\/index.php\/design-graphique-ui-ux\/\",\"name\":\"Design graphique | AMS IT-Cr\u00e9ation visuelle & identit\u00e9 de marque\",\"isPartOf\":{\"@id\":\"https:\/\/amsit.pro\/#website\"},\"primaryImageOfPage\":{\"@id\":\"https:\/\/amsit.pro\/index.php\/design-graphique-ui-ux\/#primaryimage\"},\"image\":{\"@id\":\"https:\/\/amsit.pro\/index.php\/design-graphique-ui-ux\/#primaryimage\"},\"thumbnailUrl\":\"http:\/\/amsit.pro\/wp-content\/uploads\/2025\/12\/faq-image-1.webp\",\"datePublished\":\"2025-07-21T19:27:11+00:00\",\"dateModified\":\"2025-12-10T16:16:13+00:00\",\"description\":\"Donnez vie \u00e0 votre image de marque avec AMS IT. Notre services de design graphique cr\u00e9e des logos ,cartes graphiques et visuels uniques .\",\"breadcrumb\":{\"@id\":\"https:\/\/amsit.pro\/index.php\/design-graphique-ui-ux\/#breadcrumb\"},\"inLanguage\":\"fr-FR\",\"potentialAction\":[{\"@type\":\"ReadAction\",\"target\":[\"https:\/\/amsit.pro\/index.php\/design-graphique-ui-ux\/\"]}]},{\"@type\":\"ImageObject\",\"inLanguage\":\"fr-FR\",\"@id\":\"https:\/\/amsit.pro\/index.php\/design-graphique-ui-ux\/#primaryimage\",\"url\":\"https:\/\/amsit.pro\/wp-content\/uploads\/2025\/12\/faq-image-1.webp\",\"contentUrl\":\"https:\/\/amsit.pro\/wp-content\/uploads\/2025\/12\/faq-image-1.webp\",\"width\":520,\"height\":645},{\"@type\":\"BreadcrumbList\",\"@id\":\"https:\/\/amsit.pro\/index.php\/design-graphique-ui-ux\/#breadcrumb\",\"itemListElement\":[{\"@type\":\"ListItem\",\"position\":1,\"name\":\"Accueil\",\"item\":\"https:\/\/amsit.pro\/\"},{\"@type\":\"ListItem\",\"position\":2,\"name\":\"Design Graphique \/ UI\/UX\"}]},{\"@type\":\"WebSite\",\"@id\":\"https:\/\/amsit.pro\/#website\",\"url\":\"https:\/\/amsit.pro\/\",\"name\":\"AMS IT\",\"description\":\"\",\"potentialAction\":[{\"@type\":\"SearchAction\",\"target\":{\"@type\":\"EntryPoint\",\"urlTemplate\":\"https:\/\/amsit.pro\/?s={search_term_string}\"},\"query-input\":{\"@type\":\"PropertyValueSpecification\",\"valueRequired\":true,\"valueName\":\"search_term_string\"}}],\"inLanguage\":\"fr-FR\"}]}<\/script>\n<!-- \/ Yoast SEO plugin. -->","yoast_head_json":{"title":"Design graphique | AMS IT-Cr\u00e9ation visuelle & identit\u00e9 de marque","description":"Donnez vie \u00e0 votre image de marque avec AMS IT. Notre services de design graphique cr\u00e9e des logos ,cartes graphiques et visuels uniques .","robots":{"index":"noindex","follow":"follow","max-snippet":"max-snippet:-1","max-image-preview":"max-image-preview:large","max-video-preview":"max-video-preview:-1"},"og_locale":"fr_FR","og_type":"article","og_title":"Design graphique | AMS IT-Cr\u00e9ation visuelle & identit\u00e9 de marque","og_description":"Donnez vie \u00e0 votre image de marque avec AMS IT. Notre services de design graphique cr\u00e9e des logos ,cartes graphiques et visuels uniques .","og_url":"https:\/\/amsit.pro\/index.php\/design-graphique-ui-ux\/","og_site_name":"AMS IT","article_modified_time":"2025-12-10T16:16:13+00:00","og_image":[{"width":520,"height":645,"url":"https:\/\/amsit.pro\/wp-content\/uploads\/2025\/12\/faq-image-1.webp","type":"image\/webp"}],"twitter_card":"summary_large_image","twitter_misc":{"Dur\u00e9e de lecture estim\u00e9e":"1 minute"},"schema":{"@context":"https:\/\/schema.org","@graph":[{"@type":"WebPage","@id":"https:\/\/amsit.pro\/index.php\/design-graphique-ui-ux\/","url":"https:\/\/amsit.pro\/index.php\/design-graphique-ui-ux\/","name":"Design graphique | AMS IT-Cr\u00e9ation visuelle & identit\u00e9 de marque","isPartOf":{"@id":"https:\/\/amsit.pro\/#website"},"primaryImageOfPage":{"@id":"https:\/\/amsit.pro\/index.php\/design-graphique-ui-ux\/#primaryimage"},"image":{"@id":"https:\/\/amsit.pro\/index.php\/design-graphique-ui-ux\/#primaryimage"},"thumbnailUrl":"http:\/\/amsit.pro\/wp-content\/uploads\/2025\/12\/faq-image-1.webp","datePublished":"2025-07-21T19:27:11+00:00","dateModified":"2025-12-10T16:16:13+00:00","description":"Donnez vie \u00e0 votre image de marque avec AMS IT. Notre services de design graphique cr\u00e9e des logos ,cartes graphiques et visuels uniques .","breadcrumb":{"@id":"https:\/\/amsit.pro\/index.php\/design-graphique-ui-ux\/#breadcrumb"},"inLanguage":"fr-FR","potentialAction":[{"@type":"ReadAction","target":["https:\/\/amsit.pro\/index.php\/design-graphique-ui-ux\/"]}]},{"@type":"ImageObject","inLanguage":"fr-FR","@id":"https:\/\/amsit.pro\/index.php\/design-graphique-ui-ux\/#primaryimage","url":"https:\/\/amsit.pro\/wp-content\/uploads\/2025\/12\/faq-image-1.webp","contentUrl":"https:\/\/amsit.pro\/wp-content\/uploads\/2025\/12\/faq-image-1.webp","width":520,"height":645},{"@type":"BreadcrumbList","@id":"https:\/\/amsit.pro\/index.php\/design-graphique-ui-ux\/#breadcrumb","itemListElement":[{"@type":"ListItem","position":1,"name":"Accueil","item":"https:\/\/amsit.pro\/"},{"@type":"ListItem","position":2,"name":"Design Graphique \/ UI\/UX"}]},{"@type":"WebSite","@id":"https:\/\/amsit.pro\/#website","url":"https:\/\/amsit.pro\/","name":"AMS IT","description":"","potentialAction":[{"@type":"SearchAction","target":{"@type":"EntryPoint","urlTemplate":"https:\/\/amsit.pro\/?s={search_term_string}"},"query-input":{"@type":"PropertyValueSpecification","valueRequired":true,"valueName":"search_term_string"}}],"inLanguage":"fr-FR"}]}},"_links":{"self":[{"href":"https:\/\/amsit.pro\/index.php\/wp-json\/wp\/v2\/pages\/5772","targetHints":{"allow":["GET"]}}],"collection":[{"href":"https:\/\/amsit.pro\/index.php\/wp-json\/wp\/v2\/pages"}],"about":[{"href":"https:\/\/amsit.pro\/index.php\/wp-json\/wp\/v2\/types\/page"}],"author":[{"embeddable":true,"href":"https:\/\/amsit.pro\/index.php\/wp-json\/wp\/v2\/users\/1"}],"replies":[{"embeddable":true,"href":"https:\/\/amsit.pro\/index.php\/wp-json\/wp\/v2\/comments?post=5772"}],"version-history":[{"count":16,"href":"https:\/\/amsit.pro\/index.php\/wp-json\/wp\/v2\/pages\/5772\/revisions"}],"predecessor-version":[{"id":6429,"href":"https:\/\/amsit.pro\/index.php\/wp-json\/wp\/v2\/pages\/5772\/revisions\/6429"}],"wp:attachment":[{"href":"https:\/\/amsit.pro\/index.php\/wp-json\/wp\/v2\/media?parent=5772"}],"curies":[{"name":"wp","href":"https:\/\/api.w.org\/{rel}","templated":true}]}}