{"id":5952,"date":"2025-08-04T16:17:45","date_gmt":"2025-08-04T14:17:45","guid":{"rendered":"https:\/\/amsit.pro\/?page_id=5952"},"modified":"2025-10-14T20:30:38","modified_gmt":"2025-10-14T18:30:38","slug":"nos-valeurs","status":"publish","type":"page","link":"https:\/\/amsit.pro\/index.php\/nos-valeurs\/","title":{"rendered":"Nos valeurs"},"content":{"rendered":"\t\t<div data-elementor-type=\"wp-page\" data-elementor-id=\"5952\" class=\"elementor elementor-5952\">\n\t\t\t\t<div class=\"elementor-element elementor-element-d563ddd e-flex e-con-boxed e-con e-parent\" data-id=\"d563ddd\" data-element_type=\"container\">\n\t\t\t\t\t<div class=\"e-con-inner\">\n\t\t<div class=\"elementor-element elementor-element-192ec84 e-con-full e-flex elementor-invisible e-con e-child\" data-id=\"192ec84\" data-element_type=\"container\" data-settings=\"{&quot;animation&quot;:&quot;fadeInLeft&quot;}\">\n\t\t\t\t<div class=\"elementor-element elementor-element-836e909 elementor-widget elementor-widget-image\" data-id=\"836e909\" data-element_type=\"widget\" data-widget_type=\"image.default\">\n\t\t\t\t\t\t\t\t\t\t\t\t\t\t\t<img fetchpriority=\"high\" decoding=\"async\" width=\"571\" height=\"660\" src=\"https:\/\/amsit.pro\/wp-content\/uploads\/2025\/08\/counter-img.jpg\" class=\"attachment-large size-large wp-image-6036\" alt=\"\" srcset=\"https:\/\/amsit.pro\/wp-content\/uploads\/2025\/08\/counter-img.jpg 571w, https:\/\/amsit.pro\/wp-content\/uploads\/2025\/08\/counter-img-260x300.jpg 260w\" sizes=\"(max-width: 571px) 100vw, 571px\" \/>\t\t\t\t\t\t\t\t\t\t\t\t\t\t\t<\/div>\n\t\t\t\t<div class=\"elementor-element elementor-element-a8de045 elementor-widget elementor-widget-progress\" data-id=\"a8de045\" data-element_type=\"widget\" data-widget_type=\"progress.default\">\n\t\t\t\t\t\t\t\t<span class=\"elementor-title\" id=\"elementor-progress-bar-a8de045\">\n\t\t\t\tNos valeurs \t\t\t<\/span>\n\t\t\n\t\t<div aria-labelledby=\"elementor-progress-bar-a8de045\" class=\"elementor-progress-wrapper\" role=\"progressbar\" aria-valuemin=\"0\" aria-valuemax=\"100\" aria-valuenow=\"98\" aria-valuetext=\"98% (Concepteur web)\">\n\t\t\t<div class=\"elementor-progress-bar\" data-max=\"98\">\n\t\t\t\t<span class=\"elementor-progress-text\">Concepteur web<\/span>\n\t\t\t\t\t\t\t\t\t<span class=\"elementor-progress-percentage\">98%<\/span>\n\t\t\t\t\t\t\t<\/div>\n\t\t<\/div>\n\t\t\t\t\t\t<\/div>\n\t\t\t\t<\/div>\n\t\t<div class=\"elementor-element elementor-element-fec6cf9 e-con-full e-flex elementor-invisible e-con e-child\" data-id=\"fec6cf9\" data-element_type=\"container\" data-settings=\"{&quot;animation&quot;:&quot;fadeInRight&quot;}\">\n\t\t\t\t<div class=\"elementor-element elementor-element-363616f elementor-widget elementor-widget-convis-section-title\" data-id=\"363616f\" data-element_type=\"widget\" data-widget_type=\"convis-section-title.default\">\n\t\t\t\t<div class=\"elementor-widget-container\">\n\t\t\t\t\t\t\t<div class=\"convis-section-title\">\r\n\t\t\t\t\t\t<div class=\"subtitle\">\r\n\t\t\t\t\t\t\t\t<span class=\"line\"><\/span>\r\n\t\t\t\t\t\t\t\t<span class=\"subtitle-text\">\r\n\t\t\t\t\tAMS IT Pro\t\t\t\t<\/span>\r\n\t\t\t<\/div>\r\n\t\t\t\t\t\t\t\t\t<h3 class=\"title\">\r\n\t\t\t\t\t\t\t\t<span class=\"main-text\">\r\n\t\t\t\t\tNos valeurs \t\t\t\t<\/span>\r\n\t\t\t\t\t\t\t<\/h3>\r\n\t\t\t\t\t<\/div>\r\n\t\t\t\t\t\t<\/div>\n\t\t\t\t<\/div>\n\t\t\t\t<div class=\"elementor-element elementor-element-9183c0b elementor-widget elementor-widget-text-editor\" data-id=\"9183c0b\" data-element_type=\"widget\" data-widget_type=\"text-editor.default\">\n\t\t\t\t\t\t\t\t\tAMS IT s\u2019engage \u00e0 fournir des solutions num\u00e9riques fiables, performantes et centr\u00e9es sur l\u2019utilisateur.<br>\nNous accompagnons les entreprises dans leur transformation digitale gr\u00e2ce \u00e0 des sites web sur mesure et un support technique complet via Microsoft 365, garantissant s\u00e9curit\u00e9, productivit\u00e9 et s\u00e9r\u00e9nit\u00e9.\n\n\t\t\t\t\t\t\t\t<\/div>\n\t\t<div class=\"elementor-element elementor-element-2154710 e-con-full e-flex e-con e-child\" data-id=\"2154710\" data-element_type=\"container\">\n\t\t\t\t<div class=\"elementor-element elementor-element-51a419c elementor-widget elementor-widget-convis-iconic-box\" data-id=\"51a419c\" data-element_type=\"widget\" data-widget_type=\"convis-iconic-box.default\">\n\t\t\t\t<div class=\"elementor-widget-container\">\n\t\t\t\t\t\t\t<div class=\"convis-iconic-box\">\r\n\t\t\t\t\t\t<div class=\"icon\">\r\n\t\t\t\t<i class=\"flaticon flaticon-innovation-1\"><\/i>\t\t\t<\/div>\r\n\t\t\t\t\t\t<h6 class=\"title\">Conseil moderne<br>\navanc\u00e9<\/h6>\t\t<\/div>\r\n\t\t\t\t\t\t<\/div>\n\t\t\t\t<\/div>\n\t\t\t\t<div class=\"elementor-element elementor-element-87453fe elementor-widget elementor-widget-convis-iconic-box\" data-id=\"87453fe\" data-element_type=\"widget\" data-widget_type=\"convis-iconic-box.default\">\n\t\t\t\t<div class=\"elementor-widget-container\">\n\t\t\t\t\t\t\t<div class=\"convis-iconic-box\">\r\n\t\t\t\t\t\t<div class=\"icon\">\r\n\t\t\t\t<i class=\"flaticon flaticon-support\"><\/i>\t\t\t<\/div>\r\n\t\t\t\t\t\t<h6 class=\"title\">Membres de<br> l'\u00e9quipe\nd\u00e9vou\u00e9s<\/h6>\t\t<\/div>\r\n\t\t\t\t\t\t<\/div>\n\t\t\t\t<\/div>\n\t\t\t\t<div class=\"elementor-element elementor-element-a0052ae elementor-widget elementor-widget-convis-iconic-box\" data-id=\"a0052ae\" data-element_type=\"widget\" data-widget_type=\"convis-iconic-box.default\">\n\t\t\t\t<div class=\"elementor-widget-container\">\n\t\t\t\t\t\t\t<div class=\"convis-iconic-box\">\r\n\t\t\t\t\t\t<div class=\"icon\">\r\n\t\t\t\t<i class=\"flaticon flaticon-review\"><\/i>\t\t\t<\/div>\r\n\t\t\t\t\t\t<h6 class=\"title\">Conseils avanc\u00e9s<br>\nen informatique<\/h6>\t\t<\/div>\r\n\t\t\t\t\t\t<\/div>\n\t\t\t\t<\/div>\n\t\t\t\t<\/div>\n\t\t\t\t<\/div>\n\t\t\t\t\t<\/div>\n\t\t\t\t<\/div>\n\t\t<div class=\"elementor-element elementor-element-fca7fdc e-flex e-con-boxed e-con e-parent\" data-id=\"fca7fdc\" data-element_type=\"container\">\n\t\t\t\t\t<div class=\"e-con-inner\">\n\t\t<div class=\"elementor-element elementor-element-84c6d24 e-con-full e-flex elementor-invisible e-con e-child\" data-id=\"84c6d24\" data-element_type=\"container\" data-settings=\"{&quot;animation&quot;:&quot;fadeInLeft&quot;}\">\n\t\t\t\t<div class=\"elementor-element elementor-element-cbdfeb6 elementor-widget elementor-widget-convis-section-title\" data-id=\"cbdfeb6\" data-element_type=\"widget\" data-widget_type=\"convis-section-title.default\">\n\t\t\t\t<div class=\"elementor-widget-container\">\n\t\t\t\t\t\t\t<div class=\"convis-section-title\">\r\n\t\t\t\t\t\t<div class=\"subtitle\">\r\n\t\t\t\t\t\t\t\t<span class=\"line\"><\/span>\r\n\t\t\t\t\t\t\t\t<span class=\"subtitle-text\">\r\n\t\t\t\t\tAMS IT Pro\t\t\t\t<\/span>\r\n\t\t\t<\/div>\r\n\t\t\t\t\t\t\t\t\t<h3 class=\"title\">\r\n\t\t\t\t\t\t\t\t<span class=\"main-text\">\r\n\t\t\t\t\tForce<br>\t\t\t\t<\/span>\r\n\t\t\t\t\t\t\t<\/h3>\r\n\t\t\t\t\t<\/div>\r\n\t\t\t\t\t\t<\/div>\n\t\t\t\t<\/div>\n\t\t<div class=\"elementor-element elementor-element-f841616 e-con-full e-flex e-con e-child\" data-id=\"f841616\" data-element_type=\"container\" data-settings=\"{&quot;background_background&quot;:&quot;classic&quot;}\">\n\t\t\t\t<div class=\"elementor-element elementor-element-8e271aa elementor-widget elementor-widget-heading\" data-id=\"8e271aa\" data-element_type=\"widget\" data-widget_type=\"heading.default\">\n\t\t\t\t\t<h4 class=\"elementor-heading-title elementor-size-default\">Avez-vous des questions\u00a0?<\/h4>\t\t\t\t<\/div>\n\t\t\t\t<\/div>\n\t\t\t\t<\/div>\n\t\t<div class=\"elementor-element elementor-element-b022e9a e-con-full e-flex elementor-invisible e-con e-child\" data-id=\"b022e9a\" data-element_type=\"container\" data-settings=\"{&quot;animation&quot;:&quot;fadeInRight&quot;}\">\n\t\t\t\t<div class=\"elementor-element elementor-element-e3e7f97 elementor-widget elementor-widget-convis-accordion\" data-id=\"e3e7f97\" data-element_type=\"widget\" data-widget_type=\"convis-accordion.default\">\n\t\t\t\t<div class=\"elementor-widget-container\">\n\t\t\t\t\t        <div id=\"accordion-763222\" class=\"convis-accordion\">\r\n                            <div class=\"accordion-item active-accordion\">\r\n                    <div class=\"accordion-header active-header\" data-target=\"#accordion-content-7632220\">\r\n                        <span class=\"text\">\r\n                            Double expertise :                         <\/span>\r\n                        <span class=\"icons\">\r\n                            <span class=\"icon-open\">\r\n                                <i class=\"fas fa-plus\"><\/i>                            <\/span>\r\n                            <span class=\"icon-close\">\r\n                                <i class=\"fas fa-minus\"><\/i>                            <\/span>\r\n                        <\/span>\r\n                    <\/div>\r\n                    <div class=\"accordion-content active-content\" id=\"accordion-content-7632220\" style=\"display:block;\">\r\n                        <div class=\"content-inner\">\r\n                            <p>ma\u00eetrise du d\u00e9veloppement web (sites vitrines, e-commerce, apps) et du support Microsoft 365 (gestion, s\u00e9curit\u00e9, productivit\u00e9).<\/p>\n                        <\/div>\r\n                    <\/div>\r\n                <\/div>\r\n                                <div class=\"accordion-item\">\r\n                    <div class=\"accordion-header\" data-target=\"#accordion-content-7632221\">\r\n                        <span class=\"text\">\r\n                            Approche orient\u00e9e client :                         <\/span>\r\n                        <span class=\"icons\">\r\n                            <span class=\"icon-open\">\r\n                                <i class=\"fas fa-plus\"><\/i>                            <\/span>\r\n                            <span class=\"icon-close\">\r\n                                <i class=\"fas fa-minus\"><\/i>                            <\/span>\r\n                        <\/span>\r\n                    <\/div>\r\n                    <div class=\"accordion-content\" id=\"accordion-content-7632221\" style=\"display:none;\">\r\n                        <div class=\"content-inner\">\r\n                            <p>chaque projet est con\u00e7u pour r\u00e9pondre aux besoins r\u00e9els du client, avec une communication claire et un accompagnement personnalis\u00e9.<\/p>\n                        <\/div>\r\n                    <\/div>\r\n                <\/div>\r\n                                <div class=\"accordion-item\">\r\n                    <div class=\"accordion-header\" data-target=\"#accordion-content-7632222\">\r\n                        <span class=\"text\">\r\n                            R\u00e9activit\u00e9 et fiabilit\u00e9 :                         <\/span>\r\n                        <span class=\"icons\">\r\n                            <span class=\"icon-open\">\r\n                                <i class=\"fas fa-plus\"><\/i>                            <\/span>\r\n                            <span class=\"icon-close\">\r\n                                <i class=\"fas fa-minus\"><\/i>                            <\/span>\r\n                        <\/span>\r\n                    <\/div>\r\n                    <div class=\"accordion-content\" id=\"accordion-content-7632222\" style=\"display:none;\">\r\n                        <div class=\"content-inner\">\r\n                            <p>assistance rapide, gestion proactive des incidents, et suivi continu.<\/p>\n                        <\/div>\r\n                    <\/div>\r\n                <\/div>\r\n                                <div class=\"accordion-item\">\r\n                    <div class=\"accordion-header\" data-target=\"#accordion-content-7632223\">\r\n                        <span class=\"text\">\r\n                            S\u00e9curit\u00e9 et performance :                         <\/span>\r\n                        <span class=\"icons\">\r\n                            <span class=\"icon-open\">\r\n                                <i class=\"fas fa-plus\"><\/i>                            <\/span>\r\n                            <span class=\"icon-close\">\r\n                                <i class=\"fas fa-minus\"><\/i>                            <\/span>\r\n                        <\/span>\r\n                    <\/div>\r\n                    <div class=\"accordion-content\" id=\"accordion-content-7632223\" style=\"display:none;\">\r\n                        <div class=\"content-inner\">\r\n                            <p>int\u00e9gration des meilleures pratiques de cybers\u00e9curit\u00e9, notamment avec les outils Microsoft.<\/p>\n                        <\/div>\r\n                    <\/div>\r\n                <\/div>\r\n                                <div class=\"accordion-item\">\r\n                    <div class=\"accordion-header\" data-target=\"#accordion-content-7632224\">\r\n                        <span class=\"text\">\r\n                            \u00c9volutivit\u00e9 :                         <\/span>\r\n                        <span class=\"icons\">\r\n                            <span class=\"icon-open\">\r\n                                <i class=\"fas fa-plus\"><\/i>                            <\/span>\r\n                            <span class=\"icon-close\">\r\n                                <i class=\"fas fa-minus\"><\/i>                            <\/span>\r\n                        <\/span>\r\n                    <\/div>\r\n                    <div class=\"accordion-content\" id=\"accordion-content-7632224\" style=\"display:none;\">\r\n                        <div class=\"content-inner\">\r\n                            <p>solutions pens\u00e9es pour grandir avec les besoins de l\u2019entreprise cliente.<\/p>\n                        <\/div>\r\n                    <\/div>\r\n                <\/div>\r\n                                <div class=\"accordion-item\">\r\n                    <div class=\"accordion-header\" data-target=\"#accordion-content-7632225\">\r\n                        <span class=\"text\">\r\n                            Veille technologique :                         <\/span>\r\n                        <span class=\"icons\">\r\n                            <span class=\"icon-open\">\r\n                                <i class=\"fas fa-plus\"><\/i>                            <\/span>\r\n                            <span class=\"icon-close\">\r\n                                <i class=\"fas fa-minus\"><\/i>                            <\/span>\r\n                        <\/span>\r\n                    <\/div>\r\n                    <div class=\"accordion-content\" id=\"accordion-content-7632225\" style=\"display:none;\">\r\n                        <div class=\"content-inner\">\r\n                            <p>AMS IT reste \u00e0 jour sur les derni\u00e8res innovations web et Microsoft 365 pour proposer des solutions modernes.<\/p>\n                        <\/div>\r\n                    <\/div>\r\n                <\/div>\r\n                        <\/div>\r\n        \t\t\t\t<\/div>\n\t\t\t\t<\/div>\n\t\t\t\t<\/div>\n\t\t\t\t\t<\/div>\n\t\t\t\t<\/div>\n\t\t<div class=\"elementor-element elementor-element-67adb9f e-flex e-con-boxed e-con e-parent\" data-id=\"67adb9f\" data-element_type=\"container\" data-settings=\"{&quot;background_background&quot;:&quot;classic&quot;}\">\n\t\t\t\t\t<div class=\"e-con-inner\">\n\t\t<div class=\"elementor-element elementor-element-68b4140 e-con-full e-flex elementor-invisible e-con e-child\" data-id=\"68b4140\" data-element_type=\"container\" data-settings=\"{&quot;animation&quot;:&quot;fadeInLeft&quot;}\">\n\t\t\t\t<div class=\"elementor-element elementor-element-ed8135c elementor-widget elementor-widget-convis-section-title\" data-id=\"ed8135c\" data-element_type=\"widget\" data-widget_type=\"convis-section-title.default\">\n\t\t\t\t<div class=\"elementor-widget-container\">\n\t\t\t\t\t\t\t<div class=\"convis-section-title\">\r\n\t\t\t\t\t\t<div class=\"subtitle\">\r\n\t\t\t\t\t\t\t\t<span class=\"line\"><\/span>\r\n\t\t\t\t\t\t\t\t<span class=\"subtitle-text\">\r\n\t\t\t\t\tObtenir des consultations\t\t\t\t<\/span>\r\n\t\t\t<\/div>\r\n\t\t\t\t\t\t\t\t\t<h3 class=\"title\">\r\n\t\t\t\t\t\t\t\t<span class=\"main-text\">\r\n\t\t\t\t\tBesoin de consultations pour\t\t\t\t<\/span>\r\n\t\t\t\t\t\t\t\t<span class=\"split-text\">\r\n\t\t\t\t\tConseil informatique\t\t\t\t<\/span>\r\n\t\t\t\t\t\t\t<\/h3>\r\n\t\t\t\t\t<\/div>\r\n\t\t\t\t\t\t<\/div>\n\t\t\t\t<\/div>\n\t\t\t\t<div class=\"elementor-element elementor-element-d19dcaa elementor-widget elementor-widget-convis-button\" data-id=\"d19dcaa\" data-element_type=\"widget\" data-widget_type=\"convis-button.default\">\n\t\t\t\t<div class=\"elementor-widget-container\">\n\t\t\t\t\t\t\t<div class=\"convis-button-wrapper\">\r\n\t\t\t<a class=\"convis-button icon-right hover-left-right\" href=\"https:\/\/amsit.pro\/index.php\/contact\/\">\r\n\t\t\t\t<span class=\"button-text\">\r\n\t\t\t\t\tContactez nous        \t\t<\/span>\r\n\t\t\t\t\t\t\t\t<span class=\"button-icon\">\r\n\t\t\t\t\t<i class=\"fas fa-arrow-right\"><\/i>\t\t\t\t<\/span>\r\n\t\t\t\t\t\t\t<\/a>\r\n\t\t<\/div>\r\n\t\t\t\t\t\t<\/div>\n\t\t\t\t<\/div>\n\t\t\t\t<\/div>\n\t\t<div class=\"elementor-element elementor-element-c7fb7bf e-con-full e-flex elementor-invisible e-con e-child\" data-id=\"c7fb7bf\" data-element_type=\"container\" data-settings=\"{&quot;animation&quot;:&quot;fadeInRight&quot;}\">\n\t\t\t\t<div class=\"elementor-element elementor-element-b285314 elementor-widget elementor-widget-image\" data-id=\"b285314\" data-element_type=\"widget\" data-widget_type=\"image.default\">\n\t\t\t\t\t\t\t\t\t\t\t\t\t\t\t<img decoding=\"async\" width=\"418\" height=\"411\" src=\"https:\/\/amsit.pro\/wp-content\/uploads\/2025\/08\/cta-video.png\" class=\"attachment-full size-full wp-image-6029\" alt=\"\" srcset=\"https:\/\/amsit.pro\/wp-content\/uploads\/2025\/08\/cta-video.png 418w, https:\/\/amsit.pro\/wp-content\/uploads\/2025\/08\/cta-video-300x295.png 300w\" sizes=\"(max-width: 418px) 100vw, 418px\" \/>\t\t\t\t\t\t\t\t\t\t\t\t\t\t\t<\/div>\n\t\t\t\t<div class=\"elementor-element elementor-element-1f248cd elementor-absolute elementor-widget elementor-widget-convis-video-popup\" data-id=\"1f248cd\" data-element_type=\"widget\" data-settings=\"{&quot;_position&quot;:&quot;absolute&quot;}\" data-widget_type=\"convis-video-popup.default\">\n\t\t\t\t<div class=\"elementor-widget-container\">\n\t\t\t\t\t        <div class=\"convis-video-popup\">\r\n                            \t\t\t\t<a href=\"https:\/\/www.youtube.com\/watch?v=XHOmBV4js_E\" class=\"popup-video animated-border\"><i class=\"fas fa-play\"><\/i><\/a>\r\n                                    <\/div>\r\n        \t\t\t\t<\/div>\n\t\t\t\t<\/div>\n\t\t\t\t<\/div>\n\t\t\t\t\t<\/div>\n\t\t\t\t<\/div>\n\t\t<div class=\"elementor-element elementor-element-4bbce2f e-flex e-con-boxed e-con e-parent\" data-id=\"4bbce2f\" data-element_type=\"container\">\n\t\t\t\t\t<div class=\"e-con-inner\">\n\t\t\t\t\t<\/div>\n\t\t\t\t<\/div>\n\t\t\t\t<\/div>\n\t\t","protected":false},"excerpt":{"rendered":"<p>Nos valeurs Concepteur web 98% AMS IT Pro Nos valeurs AMS IT s\u2019engage \u00e0 fournir des solutions num\u00e9riques fiables, performantes et centr\u00e9es sur l\u2019utilisateur. Nous accompagnons les entreprises dans leur transformation digitale gr\u00e2ce \u00e0 des sites web sur mesure et un support technique complet via Microsoft 365, garantissant s\u00e9curit\u00e9, productivit\u00e9 et s\u00e9r\u00e9nit\u00e9. Conseil moderne avanc\u00e9 [&hellip;]<\/p>\n","protected":false},"author":1,"featured_media":0,"parent":0,"menu_order":0,"comment_status":"closed","ping_status":"closed","template":"","meta":{"footnotes":""},"class_list":["post-5952","page","type-page","status-publish","hentry"],"yoast_head":"<!-- This site is optimized with the Yoast SEO plugin v25.5 - https:\/\/yoast.com\/wordpress\/plugins\/seo\/ -->\n<title>Nos valeurs -AMS IT votre partenaire IT de confiance .<\/title>\n<meta name=\"description\" content=\"D\u00e9couvrez les valeurs et l&#039;engagement d&#039;AMS IT, une entreprise informatique d\u00e9di\u00e9e \u00e0 l&#039;innovation la qualit\u00e9 et la satisfaction client.\" \/>\n<meta name=\"robots\" content=\"noindex, follow, max-snippet:-1, max-image-preview:large, max-video-preview:-1\" \/>\n<meta property=\"og:locale\" content=\"fr_FR\" \/>\n<meta property=\"og:type\" content=\"article\" \/>\n<meta property=\"og:title\" content=\"Nos valeurs -AMS IT votre partenaire IT de confiance .\" \/>\n<meta property=\"og:description\" content=\"D\u00e9couvrez les valeurs et l&#039;engagement d&#039;AMS IT, une entreprise informatique d\u00e9di\u00e9e \u00e0 l&#039;innovation la qualit\u00e9 et la satisfaction client.\" \/>\n<meta property=\"og:url\" content=\"https:\/\/amsit.pro\/index.php\/nos-valeurs\/\" \/>\n<meta property=\"og:site_name\" content=\"AMS IT\" \/>\n<meta property=\"article:modified_time\" content=\"2025-10-14T18:30:38+00:00\" \/>\n<meta property=\"og:image\" content=\"http:\/\/amsit.pro\/wp-content\/uploads\/2025\/08\/counter-img.jpg\" \/>\n<meta name=\"twitter:card\" content=\"summary_large_image\" \/>\n<meta name=\"twitter:label1\" content=\"Dur\u00e9e de lecture estim\u00e9e\" \/>\n\t<meta name=\"twitter:data1\" content=\"2 minutes\" \/>\n<script type=\"application\/ld+json\" class=\"yoast-schema-graph\">{\"@context\":\"https:\/\/schema.org\",\"@graph\":[{\"@type\":\"WebPage\",\"@id\":\"https:\/\/amsit.pro\/index.php\/nos-valeurs\/\",\"url\":\"https:\/\/amsit.pro\/index.php\/nos-valeurs\/\",\"name\":\"Nos valeurs -AMS IT votre partenaire IT de confiance .\",\"isPartOf\":{\"@id\":\"https:\/\/amsit.pro\/#website\"},\"primaryImageOfPage\":{\"@id\":\"https:\/\/amsit.pro\/index.php\/nos-valeurs\/#primaryimage\"},\"image\":{\"@id\":\"https:\/\/amsit.pro\/index.php\/nos-valeurs\/#primaryimage\"},\"thumbnailUrl\":\"http:\/\/amsit.pro\/wp-content\/uploads\/2025\/08\/counter-img.jpg\",\"datePublished\":\"2025-08-04T14:17:45+00:00\",\"dateModified\":\"2025-10-14T18:30:38+00:00\",\"description\":\"D\u00e9couvrez les valeurs et l'engagement d'AMS IT, une entreprise informatique d\u00e9di\u00e9e \u00e0 l'innovation la qualit\u00e9 et la satisfaction client.\",\"breadcrumb\":{\"@id\":\"https:\/\/amsit.pro\/index.php\/nos-valeurs\/#breadcrumb\"},\"inLanguage\":\"fr-FR\",\"potentialAction\":[{\"@type\":\"ReadAction\",\"target\":[\"https:\/\/amsit.pro\/index.php\/nos-valeurs\/\"]}]},{\"@type\":\"ImageObject\",\"inLanguage\":\"fr-FR\",\"@id\":\"https:\/\/amsit.pro\/index.php\/nos-valeurs\/#primaryimage\",\"url\":\"http:\/\/amsit.pro\/wp-content\/uploads\/2025\/08\/counter-img.jpg\",\"contentUrl\":\"http:\/\/amsit.pro\/wp-content\/uploads\/2025\/08\/counter-img.jpg\"},{\"@type\":\"BreadcrumbList\",\"@id\":\"https:\/\/amsit.pro\/index.php\/nos-valeurs\/#breadcrumb\",\"itemListElement\":[{\"@type\":\"ListItem\",\"position\":1,\"name\":\"Accueil\",\"item\":\"https:\/\/amsit.pro\/\"},{\"@type\":\"ListItem\",\"position\":2,\"name\":\"Nos valeurs\"}]},{\"@type\":\"WebSite\",\"@id\":\"https:\/\/amsit.pro\/#website\",\"url\":\"https:\/\/amsit.pro\/\",\"name\":\"AMS IT\",\"description\":\"\",\"potentialAction\":[{\"@type\":\"SearchAction\",\"target\":{\"@type\":\"EntryPoint\",\"urlTemplate\":\"https:\/\/amsit.pro\/?s={search_term_string}\"},\"query-input\":{\"@type\":\"PropertyValueSpecification\",\"valueRequired\":true,\"valueName\":\"search_term_string\"}}],\"inLanguage\":\"fr-FR\"}]}<\/script>\n<!-- \/ Yoast SEO plugin. -->","yoast_head_json":{"title":"Nos valeurs -AMS IT votre partenaire IT de confiance .","description":"D\u00e9couvrez les valeurs et l'engagement d'AMS IT, une entreprise informatique d\u00e9di\u00e9e \u00e0 l'innovation la qualit\u00e9 et la satisfaction client.","robots":{"index":"noindex","follow":"follow","max-snippet":"max-snippet:-1","max-image-preview":"max-image-preview:large","max-video-preview":"max-video-preview:-1"},"og_locale":"fr_FR","og_type":"article","og_title":"Nos valeurs -AMS IT votre partenaire IT de confiance .","og_description":"D\u00e9couvrez les valeurs et l'engagement d'AMS IT, une entreprise informatique d\u00e9di\u00e9e \u00e0 l'innovation la qualit\u00e9 et la satisfaction client.","og_url":"https:\/\/amsit.pro\/index.php\/nos-valeurs\/","og_site_name":"AMS IT","article_modified_time":"2025-10-14T18:30:38+00:00","og_image":[{"url":"http:\/\/amsit.pro\/wp-content\/uploads\/2025\/08\/counter-img.jpg","type":"","width":"","height":""}],"twitter_card":"summary_large_image","twitter_misc":{"Dur\u00e9e de lecture estim\u00e9e":"2 minutes"},"schema":{"@context":"https:\/\/schema.org","@graph":[{"@type":"WebPage","@id":"https:\/\/amsit.pro\/index.php\/nos-valeurs\/","url":"https:\/\/amsit.pro\/index.php\/nos-valeurs\/","name":"Nos valeurs -AMS IT votre partenaire IT de confiance .","isPartOf":{"@id":"https:\/\/amsit.pro\/#website"},"primaryImageOfPage":{"@id":"https:\/\/amsit.pro\/index.php\/nos-valeurs\/#primaryimage"},"image":{"@id":"https:\/\/amsit.pro\/index.php\/nos-valeurs\/#primaryimage"},"thumbnailUrl":"http:\/\/amsit.pro\/wp-content\/uploads\/2025\/08\/counter-img.jpg","datePublished":"2025-08-04T14:17:45+00:00","dateModified":"2025-10-14T18:30:38+00:00","description":"D\u00e9couvrez les valeurs et l'engagement d'AMS IT, une entreprise informatique d\u00e9di\u00e9e \u00e0 l'innovation la qualit\u00e9 et la satisfaction client.","breadcrumb":{"@id":"https:\/\/amsit.pro\/index.php\/nos-valeurs\/#breadcrumb"},"inLanguage":"fr-FR","potentialAction":[{"@type":"ReadAction","target":["https:\/\/amsit.pro\/index.php\/nos-valeurs\/"]}]},{"@type":"ImageObject","inLanguage":"fr-FR","@id":"https:\/\/amsit.pro\/index.php\/nos-valeurs\/#primaryimage","url":"http:\/\/amsit.pro\/wp-content\/uploads\/2025\/08\/counter-img.jpg","contentUrl":"http:\/\/amsit.pro\/wp-content\/uploads\/2025\/08\/counter-img.jpg"},{"@type":"BreadcrumbList","@id":"https:\/\/amsit.pro\/index.php\/nos-valeurs\/#breadcrumb","itemListElement":[{"@type":"ListItem","position":1,"name":"Accueil","item":"https:\/\/amsit.pro\/"},{"@type":"ListItem","position":2,"name":"Nos valeurs"}]},{"@type":"WebSite","@id":"https:\/\/amsit.pro\/#website","url":"https:\/\/amsit.pro\/","name":"AMS IT","description":"","potentialAction":[{"@type":"SearchAction","target":{"@type":"EntryPoint","urlTemplate":"https:\/\/amsit.pro\/?s={search_term_string}"},"query-input":{"@type":"PropertyValueSpecification","valueRequired":true,"valueName":"search_term_string"}}],"inLanguage":"fr-FR"}]}},"_links":{"self":[{"href":"https:\/\/amsit.pro\/index.php\/wp-json\/wp\/v2\/pages\/5952","targetHints":{"allow":["GET"]}}],"collection":[{"href":"https:\/\/amsit.pro\/index.php\/wp-json\/wp\/v2\/pages"}],"about":[{"href":"https:\/\/amsit.pro\/index.php\/wp-json\/wp\/v2\/types\/page"}],"author":[{"embeddable":true,"href":"https:\/\/amsit.pro\/index.php\/wp-json\/wp\/v2\/users\/1"}],"replies":[{"embeddable":true,"href":"https:\/\/amsit.pro\/index.php\/wp-json\/wp\/v2\/comments?post=5952"}],"version-history":[{"count":13,"href":"https:\/\/amsit.pro\/index.php\/wp-json\/wp\/v2\/pages\/5952\/revisions"}],"predecessor-version":[{"id":6194,"href":"https:\/\/amsit.pro\/index.php\/wp-json\/wp\/v2\/pages\/5952\/revisions\/6194"}],"wp:attachment":[{"href":"https:\/\/amsit.pro\/index.php\/wp-json\/wp\/v2\/media?parent=5952"}],"curies":[{"name":"wp","href":"https:\/\/api.w.org\/{rel}","templated":true}]}}