{"id":6268,"date":"2025-10-13T16:35:40","date_gmt":"2025-10-13T14:35:40","guid":{"rendered":"https:\/\/amsit.pro\/?page_id=6268"},"modified":"2025-10-13T18:55:39","modified_gmt":"2025-10-13T16:55:39","slug":"entreprise","status":"publish","type":"page","link":"https:\/\/amsit.pro\/index.php\/entreprise\/","title":{"rendered":"Entreprise"},"content":{"rendered":"\t\t<div data-elementor-type=\"wp-page\" data-elementor-id=\"6268\" class=\"elementor elementor-6268\">\n\t\t\t\t<div class=\"elementor-element elementor-element-d563ddd e-flex e-con-boxed e-con e-parent\" data-id=\"d563ddd\" data-element_type=\"container\">\n\t\t\t\t\t<div class=\"e-con-inner\">\n\t\t<div class=\"elementor-element elementor-element-192ec84 e-con-full e-flex elementor-invisible e-con e-child\" data-id=\"192ec84\" data-element_type=\"container\" data-settings=\"{&quot;animation&quot;:&quot;fadeInLeft&quot;}\">\n\t\t\t\t<div class=\"elementor-element elementor-element-836e909 elementor-widget elementor-widget-image\" data-id=\"836e909\" data-element_type=\"widget\" data-widget_type=\"image.default\">\n\t\t\t\t\t\t\t\t\t\t\t\t\t\t\t<img fetchpriority=\"high\" decoding=\"async\" width=\"580\" height=\"550\" src=\"https:\/\/amsit.pro\/wp-content\/uploads\/2025\/08\/service-img-3-1.jpg\" class=\"attachment-full size-full wp-image-6026\" alt=\"\" srcset=\"https:\/\/amsit.pro\/wp-content\/uploads\/2025\/08\/service-img-3-1.jpg 580w, https:\/\/amsit.pro\/wp-content\/uploads\/2025\/08\/service-img-3-1-300x284.jpg 300w\" sizes=\"(max-width: 580px) 100vw, 580px\" \/>\t\t\t\t\t\t\t\t\t\t\t\t\t\t\t<\/div>\n\t\t\t\t<div class=\"elementor-element elementor-element-1beb4e3 elementor-widget elementor-widget-progress\" data-id=\"1beb4e3\" data-element_type=\"widget\" data-widget_type=\"progress.default\">\n\t\t\t\t\t\t\t\t<span class=\"elementor-title\" id=\"elementor-progress-bar-1beb4e3\">\n\t\t\t\tComp\u00e9tences\t\t\t<\/span>\n\t\t\n\t\t<div aria-labelledby=\"elementor-progress-bar-1beb4e3\" class=\"elementor-progress-wrapper\" role=\"progressbar\" aria-valuemin=\"0\" aria-valuemax=\"100\" aria-valuenow=\"100\" aria-valuetext=\"100% (Support it)\">\n\t\t\t<div class=\"elementor-progress-bar\" data-max=\"100\">\n\t\t\t\t<span class=\"elementor-progress-text\">Support it<\/span>\n\t\t\t\t\t\t\t\t\t<span class=\"elementor-progress-percentage\">100%<\/span>\n\t\t\t\t\t\t\t<\/div>\n\t\t<\/div>\n\t\t\t\t\t\t<\/div>\n\t\t\t\t<\/div>\n\t\t<div class=\"elementor-element elementor-element-fec6cf9 e-con-full e-flex elementor-invisible e-con e-child\" data-id=\"fec6cf9\" data-element_type=\"container\" data-settings=\"{&quot;animation&quot;:&quot;fadeInRight&quot;}\">\n\t\t\t\t<div class=\"elementor-element elementor-element-363616f elementor-widget elementor-widget-convis-section-title\" data-id=\"363616f\" data-element_type=\"widget\" data-widget_type=\"convis-section-title.default\">\n\t\t\t\t<div class=\"elementor-widget-container\">\n\t\t\t\t\t\t\t<div class=\"convis-section-title\">\r\n\t\t\t\t\t\t<div class=\"subtitle\">\r\n\t\t\t\t\t\t\t\t<span class=\"line\"><\/span>\r\n\t\t\t\t\t\t\t\t<span class=\"subtitle-text\">\r\n\t\t\t\t\tAMS IT Pro\t\t\t\t<\/span>\r\n\t\t\t<\/div>\r\n\t\t\t\t\t\t\t\t\t<h3 class=\"title\">\r\n\t\t\t\t\t\t\t\t<span class=\"main-text\">\r\n\t\t\t\t\tQui sommes\t\t\t\t<\/span>\r\n\t\t\t\t\t\t\t\t<span class=\"split-text\">\r\n\t\t\t\t\t nous\t\t\t\t<\/span>\r\n\t\t\t\t\t\t\t<\/h3>\r\n\t\t\t\t\t<\/div>\r\n\t\t\t\t\t\t<\/div>\n\t\t\t\t<\/div>\n\t\t\t\t<div class=\"elementor-element elementor-element-9183c0b elementor-widget elementor-widget-text-editor\" data-id=\"9183c0b\" data-element_type=\"widget\" data-widget_type=\"text-editor.default\">\n\t\t\t\t\t\t\t\t\t<p>AMS IT est une agence web sp\u00e9cialis\u00e9e dans la cr\u00e9ation de solutions digitales sur mesure et le support informatique professionnel. Nous aidons les entreprises \u00e0 r\u00e9ussir leur transformation num\u00e9rique avec des outils modernes, fiables et performants.<\/p>\t\t\t\t\t\t\t\t<\/div>\n\t\t<div class=\"elementor-element elementor-element-2154710 e-con-full e-flex e-con e-child\" data-id=\"2154710\" data-element_type=\"container\">\n\t\t\t\t<div class=\"elementor-element elementor-element-51a419c elementor-widget elementor-widget-convis-iconic-box\" data-id=\"51a419c\" data-element_type=\"widget\" data-widget_type=\"convis-iconic-box.default\">\n\t\t\t\t<div class=\"elementor-widget-container\">\n\t\t\t\t\t\t\t<div class=\"convis-iconic-box\">\r\n\t\t\t\t\t\t<div class=\"icon\">\r\n\t\t\t\t<i class=\"flaticon flaticon-innovation-1\"><\/i>\t\t\t<\/div>\r\n\t\t\t\t\t\t<h6 class=\"title\">Conseil moderne <br>\navanc\u00e9<\/h6>\t\t<\/div>\r\n\t\t\t\t\t\t<\/div>\n\t\t\t\t<\/div>\n\t\t\t\t<div class=\"elementor-element elementor-element-87453fe elementor-widget elementor-widget-convis-iconic-box\" data-id=\"87453fe\" data-element_type=\"widget\" data-widget_type=\"convis-iconic-box.default\">\n\t\t\t\t<div class=\"elementor-widget-container\">\n\t\t\t\t\t\t\t<div class=\"convis-iconic-box\">\r\n\t\t\t\t\t\t<div class=\"icon\">\r\n\t\t\t\t<i class=\"flaticon flaticon-support\"><\/i>\t\t\t<\/div>\r\n\t\t\t\t\t\t<h6 class=\"title\">Membres de<br>\nl'\u00e9quipe d\u00e9vou\u00e9s<\/h6>\t\t<\/div>\r\n\t\t\t\t\t\t<\/div>\n\t\t\t\t<\/div>\n\t\t\t\t<div class=\"elementor-element elementor-element-a0052ae elementor-widget elementor-widget-convis-iconic-box\" data-id=\"a0052ae\" data-element_type=\"widget\" data-widget_type=\"convis-iconic-box.default\">\n\t\t\t\t<div class=\"elementor-widget-container\">\n\t\t\t\t\t\t\t<div class=\"convis-iconic-box\">\r\n\t\t\t\t\t\t<div class=\"icon\">\r\n\t\t\t\t<i class=\"flaticon flaticon-review\"><\/i>\t\t\t<\/div>\r\n\t\t\t\t\t\t<h6 class=\"title\">Conseils avanc\u00e9s<br>\nen informatique<\/h6>\t\t<\/div>\r\n\t\t\t\t\t\t<\/div>\n\t\t\t\t<\/div>\n\t\t\t\t<\/div>\n\t\t\t\t<\/div>\n\t\t\t\t\t<\/div>\n\t\t\t\t<\/div>\n\t\t<div class=\"elementor-element elementor-element-bad16b9 e-flex e-con-boxed e-con e-parent\" data-id=\"bad16b9\" data-element_type=\"container\">\n\t\t\t\t\t<div class=\"e-con-inner\">\n\t\t\t\t<div class=\"elementor-element elementor-element-959ad48 elementor-widget elementor-widget-spacer\" data-id=\"959ad48\" data-element_type=\"widget\" data-widget_type=\"spacer.default\">\n\t\t\t\t\t\t\t<div class=\"elementor-spacer\">\n\t\t\t<div class=\"elementor-spacer-inner\"><\/div>\n\t\t<\/div>\n\t\t\t\t\t\t<\/div>\n\t\t\t\t\t<\/div>\n\t\t\t\t<\/div>\n\t\t<div class=\"elementor-element elementor-element-544582f e-flex e-con-boxed e-con e-parent\" data-id=\"544582f\" data-element_type=\"container\" data-settings=\"{&quot;background_background&quot;:&quot;classic&quot;}\">\n\t\t\t\t\t<div class=\"e-con-inner\">\n\t\t<div class=\"elementor-element elementor-element-d3aa87d e-con-full e-flex elementor-invisible e-con e-child\" data-id=\"d3aa87d\" data-element_type=\"container\" data-settings=\"{&quot;animation&quot;:&quot;fadeInLeft&quot;}\">\n\t\t\t\t<div class=\"elementor-element elementor-element-7a9a59f elementor-widget elementor-widget-convis-section-title\" data-id=\"7a9a59f\" data-element_type=\"widget\" data-widget_type=\"convis-section-title.default\">\n\t\t\t\t<div class=\"elementor-widget-container\">\n\t\t\t\t\t\t\t<div class=\"convis-section-title\">\r\n\t\t\t\t\t\t<div class=\"subtitle\">\r\n\t\t\t\t\t\t\t\t<span class=\"line\"><\/span>\r\n\t\t\t\t\t\t\t\t<span class=\"subtitle-text\">\r\n\t\t\t\t\tObtenir des consultations\t\t\t\t<\/span>\r\n\t\t\t<\/div>\r\n\t\t\t\t\t\t\t\t\t<h3 class=\"title\">\r\n\t\t\t\t\t\t\t\t<span class=\"main-text\">\r\n\t\t\t\t\tBesoin de consultations pour \t\t\t\t<\/span>\r\n\t\t\t\t\t\t\t\t<span class=\"split-text\">\r\n\t\t\t\t\tConseil informatique\t\t\t\t<\/span>\r\n\t\t\t\t\t\t\t<\/h3>\r\n\t\t\t\t\t<\/div>\r\n\t\t\t\t\t\t<\/div>\n\t\t\t\t<\/div>\n\t\t\t\t<div class=\"elementor-element elementor-element-cac520c elementor-widget elementor-widget-convis-button\" data-id=\"cac520c\" data-element_type=\"widget\" data-widget_type=\"convis-button.default\">\n\t\t\t\t<div class=\"elementor-widget-container\">\n\t\t\t\t\t\t\t<div class=\"convis-button-wrapper\">\r\n\t\t\t<a class=\"convis-button icon-right hover-left-right\" href=\"https:\/\/amsit.pro\/index.php\/contact\/\">\r\n\t\t\t\t<span class=\"button-text\">\r\n\t\t\t\t\tContactez nous        \t\t<\/span>\r\n\t\t\t\t\t\t\t\t<span class=\"button-icon\">\r\n\t\t\t\t\t<i class=\"fas fa-arrow-right\"><\/i>\t\t\t\t<\/span>\r\n\t\t\t\t\t\t\t<\/a>\r\n\t\t<\/div>\r\n\t\t\t\t\t\t<\/div>\n\t\t\t\t<\/div>\n\t\t\t\t<\/div>\n\t\t<div class=\"elementor-element elementor-element-d6372f8 e-con-full e-flex elementor-invisible e-con e-child\" data-id=\"d6372f8\" data-element_type=\"container\" data-settings=\"{&quot;animation&quot;:&quot;fadeInRight&quot;}\">\n\t\t\t\t<div class=\"elementor-element elementor-element-1eb7bd9 elementor-widget elementor-widget-image\" data-id=\"1eb7bd9\" data-element_type=\"widget\" data-widget_type=\"image.default\">\n\t\t\t\t\t\t\t\t\t\t\t\t\t\t\t<img decoding=\"async\" width=\"418\" height=\"411\" src=\"https:\/\/amsit.pro\/wp-content\/uploads\/2025\/08\/cta-video.png\" class=\"attachment-full size-full wp-image-6029\" alt=\"\" srcset=\"https:\/\/amsit.pro\/wp-content\/uploads\/2025\/08\/cta-video.png 418w, https:\/\/amsit.pro\/wp-content\/uploads\/2025\/08\/cta-video-300x295.png 300w\" sizes=\"(max-width: 418px) 100vw, 418px\" \/>\t\t\t\t\t\t\t\t\t\t\t\t\t\t\t<\/div>\n\t\t\t\t<div class=\"elementor-element elementor-element-fb0f706 elementor-absolute elementor-widget elementor-widget-convis-video-popup\" data-id=\"fb0f706\" data-element_type=\"widget\" data-settings=\"{&quot;_position&quot;:&quot;absolute&quot;}\" data-widget_type=\"convis-video-popup.default\">\n\t\t\t\t<div class=\"elementor-widget-container\">\n\t\t\t\t\t        <div class=\"convis-video-popup\">\r\n                            \t\t\t\t<a href=\"https:\/\/www.youtube.com\/watch?v=XHOmBV4js_E\" class=\"popup-video animated-border\"><i class=\"fas fa-play\"><\/i><\/a>\r\n                                    <\/div>\r\n        \t\t\t\t<\/div>\n\t\t\t\t<\/div>\n\t\t\t\t<\/div>\n\t\t\t\t\t<\/div>\n\t\t\t\t<\/div>\n\t\t<div class=\"elementor-element elementor-element-b60b594 e-flex e-con-boxed e-con e-parent\" data-id=\"b60b594\" data-element_type=\"container\">\n\t\t\t\t\t<div class=\"e-con-inner\">\n\t\t\t\t\t<\/div>\n\t\t\t\t<\/div>\n\t\t\t\t<\/div>\n\t\t","protected":false},"excerpt":{"rendered":"<p>Comp\u00e9tences Support it 100% AMS IT Pro Qui sommes nous AMS IT est une agence web sp\u00e9cialis\u00e9e dans la cr\u00e9ation de solutions digitales sur mesure et le support informatique professionnel. Nous aidons les entreprises \u00e0 r\u00e9ussir leur transformation num\u00e9rique avec des outils modernes, fiables et performants. Conseil moderne avanc\u00e9 Membres de l&rsquo;\u00e9quipe d\u00e9vou\u00e9s Conseils avanc\u00e9s [&hellip;]<\/p>\n","protected":false},"author":1,"featured_media":0,"parent":0,"menu_order":6,"comment_status":"closed","ping_status":"closed","template":"","meta":{"footnotes":""},"class_list":["post-6268","page","type-page","status-publish","hentry"],"yoast_head":"<!-- This site is optimized with the Yoast SEO plugin v25.5 - https:\/\/yoast.com\/wordpress\/plugins\/seo\/ -->\n<title>AMS IT | Agence web &amp; services IT pour booster votre pr\u00e9sence<\/title>\n<meta name=\"description\" content=\"AMS IT PRO propose des solutions It sur mesure: cr\u00e9ations de site web, maintenance, support technique . booster votre performance digitale.\" \/>\n<meta name=\"robots\" content=\"noindex, follow, max-snippet:-1, max-image-preview:large, max-video-preview:-1\" \/>\n<meta property=\"og:locale\" content=\"fr_FR\" \/>\n<meta property=\"og:type\" content=\"article\" \/>\n<meta property=\"og:title\" content=\"AMS IT | Agence web &amp; services IT pour booster votre pr\u00e9sence\" \/>\n<meta property=\"og:description\" content=\"AMS IT PRO propose des solutions It sur mesure: cr\u00e9ations de site web, maintenance, support technique . booster votre performance digitale.\" \/>\n<meta property=\"og:url\" content=\"https:\/\/amsit.pro\/index.php\/entreprise\/\" \/>\n<meta property=\"og:site_name\" content=\"AMS IT\" \/>\n<meta property=\"article:modified_time\" content=\"2025-10-13T16:55:39+00:00\" \/>\n<meta property=\"og:image\" content=\"http:\/\/amsit.pro\/wp-content\/uploads\/2025\/08\/service-img-3-1.jpg\" \/>\n<meta name=\"twitter:card\" content=\"summary_large_image\" \/>\n<meta name=\"twitter:label1\" content=\"Dur\u00e9e de lecture estim\u00e9e\" \/>\n\t<meta name=\"twitter:data1\" content=\"1 minute\" \/>\n<script type=\"application\/ld+json\" class=\"yoast-schema-graph\">{\"@context\":\"https:\/\/schema.org\",\"@graph\":[{\"@type\":\"WebPage\",\"@id\":\"https:\/\/amsit.pro\/index.php\/entreprise\/\",\"url\":\"https:\/\/amsit.pro\/index.php\/entreprise\/\",\"name\":\"AMS IT | Agence web & services IT pour booster votre pr\u00e9sence\",\"isPartOf\":{\"@id\":\"https:\/\/amsit.pro\/#website\"},\"primaryImageOfPage\":{\"@id\":\"https:\/\/amsit.pro\/index.php\/entreprise\/#primaryimage\"},\"image\":{\"@id\":\"https:\/\/amsit.pro\/index.php\/entreprise\/#primaryimage\"},\"thumbnailUrl\":\"http:\/\/amsit.pro\/wp-content\/uploads\/2025\/08\/service-img-3-1.jpg\",\"datePublished\":\"2025-10-13T14:35:40+00:00\",\"dateModified\":\"2025-10-13T16:55:39+00:00\",\"description\":\"AMS IT PRO propose des solutions It sur mesure: cr\u00e9ations de site web, maintenance, support technique . booster votre performance digitale.\",\"breadcrumb\":{\"@id\":\"https:\/\/amsit.pro\/index.php\/entreprise\/#breadcrumb\"},\"inLanguage\":\"fr-FR\",\"potentialAction\":[{\"@type\":\"ReadAction\",\"target\":[\"https:\/\/amsit.pro\/index.php\/entreprise\/\"]}]},{\"@type\":\"ImageObject\",\"inLanguage\":\"fr-FR\",\"@id\":\"https:\/\/amsit.pro\/index.php\/entreprise\/#primaryimage\",\"url\":\"http:\/\/amsit.pro\/wp-content\/uploads\/2025\/08\/service-img-3-1.jpg\",\"contentUrl\":\"http:\/\/amsit.pro\/wp-content\/uploads\/2025\/08\/service-img-3-1.jpg\"},{\"@type\":\"BreadcrumbList\",\"@id\":\"https:\/\/amsit.pro\/index.php\/entreprise\/#breadcrumb\",\"itemListElement\":[{\"@type\":\"ListItem\",\"position\":1,\"name\":\"Accueil\",\"item\":\"https:\/\/amsit.pro\/\"},{\"@type\":\"ListItem\",\"position\":2,\"name\":\"Entreprise\"}]},{\"@type\":\"WebSite\",\"@id\":\"https:\/\/amsit.pro\/#website\",\"url\":\"https:\/\/amsit.pro\/\",\"name\":\"AMS IT\",\"description\":\"\",\"potentialAction\":[{\"@type\":\"SearchAction\",\"target\":{\"@type\":\"EntryPoint\",\"urlTemplate\":\"https:\/\/amsit.pro\/?s={search_term_string}\"},\"query-input\":{\"@type\":\"PropertyValueSpecification\",\"valueRequired\":true,\"valueName\":\"search_term_string\"}}],\"inLanguage\":\"fr-FR\"}]}<\/script>\n<!-- \/ Yoast SEO plugin. -->","yoast_head_json":{"title":"AMS IT | Agence web & services IT pour booster votre pr\u00e9sence","description":"AMS IT PRO propose des solutions It sur mesure: cr\u00e9ations de site web, maintenance, support technique . booster votre performance digitale.","robots":{"index":"noindex","follow":"follow","max-snippet":"max-snippet:-1","max-image-preview":"max-image-preview:large","max-video-preview":"max-video-preview:-1"},"og_locale":"fr_FR","og_type":"article","og_title":"AMS IT | Agence web & services IT pour booster votre pr\u00e9sence","og_description":"AMS IT PRO propose des solutions It sur mesure: cr\u00e9ations de site web, maintenance, support technique . booster votre performance digitale.","og_url":"https:\/\/amsit.pro\/index.php\/entreprise\/","og_site_name":"AMS IT","article_modified_time":"2025-10-13T16:55:39+00:00","og_image":[{"url":"http:\/\/amsit.pro\/wp-content\/uploads\/2025\/08\/service-img-3-1.jpg","type":"","width":"","height":""}],"twitter_card":"summary_large_image","twitter_misc":{"Dur\u00e9e de lecture estim\u00e9e":"1 minute"},"schema":{"@context":"https:\/\/schema.org","@graph":[{"@type":"WebPage","@id":"https:\/\/amsit.pro\/index.php\/entreprise\/","url":"https:\/\/amsit.pro\/index.php\/entreprise\/","name":"AMS IT | Agence web & services IT pour booster votre pr\u00e9sence","isPartOf":{"@id":"https:\/\/amsit.pro\/#website"},"primaryImageOfPage":{"@id":"https:\/\/amsit.pro\/index.php\/entreprise\/#primaryimage"},"image":{"@id":"https:\/\/amsit.pro\/index.php\/entreprise\/#primaryimage"},"thumbnailUrl":"http:\/\/amsit.pro\/wp-content\/uploads\/2025\/08\/service-img-3-1.jpg","datePublished":"2025-10-13T14:35:40+00:00","dateModified":"2025-10-13T16:55:39+00:00","description":"AMS IT PRO propose des solutions It sur mesure: cr\u00e9ations de site web, maintenance, support technique . booster votre performance digitale.","breadcrumb":{"@id":"https:\/\/amsit.pro\/index.php\/entreprise\/#breadcrumb"},"inLanguage":"fr-FR","potentialAction":[{"@type":"ReadAction","target":["https:\/\/amsit.pro\/index.php\/entreprise\/"]}]},{"@type":"ImageObject","inLanguage":"fr-FR","@id":"https:\/\/amsit.pro\/index.php\/entreprise\/#primaryimage","url":"http:\/\/amsit.pro\/wp-content\/uploads\/2025\/08\/service-img-3-1.jpg","contentUrl":"http:\/\/amsit.pro\/wp-content\/uploads\/2025\/08\/service-img-3-1.jpg"},{"@type":"BreadcrumbList","@id":"https:\/\/amsit.pro\/index.php\/entreprise\/#breadcrumb","itemListElement":[{"@type":"ListItem","position":1,"name":"Accueil","item":"https:\/\/amsit.pro\/"},{"@type":"ListItem","position":2,"name":"Entreprise"}]},{"@type":"WebSite","@id":"https:\/\/amsit.pro\/#website","url":"https:\/\/amsit.pro\/","name":"AMS IT","description":"","potentialAction":[{"@type":"SearchAction","target":{"@type":"EntryPoint","urlTemplate":"https:\/\/amsit.pro\/?s={search_term_string}"},"query-input":{"@type":"PropertyValueSpecification","valueRequired":true,"valueName":"search_term_string"}}],"inLanguage":"fr-FR"}]}},"_links":{"self":[{"href":"https:\/\/amsit.pro\/index.php\/wp-json\/wp\/v2\/pages\/6268","targetHints":{"allow":["GET"]}}],"collection":[{"href":"https:\/\/amsit.pro\/index.php\/wp-json\/wp\/v2\/pages"}],"about":[{"href":"https:\/\/amsit.pro\/index.php\/wp-json\/wp\/v2\/types\/page"}],"author":[{"embeddable":true,"href":"https:\/\/amsit.pro\/index.php\/wp-json\/wp\/v2\/users\/1"}],"replies":[{"embeddable":true,"href":"https:\/\/amsit.pro\/index.php\/wp-json\/wp\/v2\/comments?post=6268"}],"version-history":[{"count":5,"href":"https:\/\/amsit.pro\/index.php\/wp-json\/wp\/v2\/pages\/6268\/revisions"}],"predecessor-version":[{"id":6275,"href":"https:\/\/amsit.pro\/index.php\/wp-json\/wp\/v2\/pages\/6268\/revisions\/6275"}],"wp:attachment":[{"href":"https:\/\/amsit.pro\/index.php\/wp-json\/wp\/v2\/media?parent=6268"}],"curies":[{"name":"wp","href":"https:\/\/api.w.org\/{rel}","templated":true}]}}